{"id":820,"date":"2023-12-19T20:13:30","date_gmt":"2023-12-19T20:13:30","guid":{"rendered":"https:\/\/losteflor.com\/?post_type=product&#038;p=820"},"modified":"2025-02-26T10:42:57","modified_gmt":"2025-02-26T10:42:57","slug":"dracaena-marginata","status":"publish","type":"product","link":"https:\/\/losteflor.com\/es\/producto\/dracaena-marginata\/","title":{"rendered":"Dracaena Marginata"},"content":{"rendered":"<p>Indicaciones de mantenimiento para la Dracaena Marginata:<\/p>\n<p>Luz: Para fomentar su desarrollo, es fundamental que est\u00e9 en un espacio luminoso aunque siempre tendremos que evitar que reciba luz directa, ya que sus hojas podr\u00edan quemarse. A pesar de esto y curiosamente, tambi\u00e9n podr\u00edamos incluirla entre nuestra lista de plantas de interior con poca luz. Aunque no es el escenario ideal, tolera espacios menos iluminados. \u00bfC\u00f3mo repercutir\u00e1 esto en ella? Ralentizando un poco m\u00e1s su crecimiento.<\/p>\n<p>Riego: El secreto de esta planta reside en no regarla excesivamente, ya que no necesita mucha agua. Si tenemos la tierra siempre h\u00fameda, la planta acumula excesiva agua en sus ra\u00edces, estas se ahogan y acaban pudri\u00e9ndose.<\/p>\n<p>Temperatura: No soporta las temperaturas bajas. Por debajo de los 14 \u00baC la planta sufre. Su desarrollo \u00f3ptimo lo tiene con temperaturas altas, entre los 22 y los 26 \u00baC.<\/p>\n<p>Fetilizaci\u00f3n: Para que nuestra Dr\u00e1cena crezca y mantenga su colorido, necesita un sustrato espec\u00edfico para plantas verdes.<\/p>\n","protected":false},"excerpt":{"rendered":"<p>Dracaena Marginata se ha demostrado que es una de las plantas que mejor se adapta al crecimiento en interior. Crece por igual cerca de una ventana con mucha luz como en los rincones menos iluminados de casa. Su f\u00e1cil cultivo, colorido, finura del follaje y porte hacen de esta dr\u00e1cena una planta realmente decorativa y perfecta como adorno de interior. Adem\u00e1s, es una de las plantas que, seg\u00fan un estudio de la NASA, son de las mejores para limpiar el aire en el hogar.<\/p>\n","protected":false},"featured_media":1038,"comment_status":"open","ping_status":"closed","template":"","meta":{"_acf_changed":false,"inline_featured_image":false,"rank_math_title":"Dracaena Marginata | Comprar en Vivero LosteFlor C\u00e1diz","rank_math_description":"Compra Dracaena Marginata en el vivero LosteFlor, Chiclana de la Frontera (C\u00e1diz). Plantas de calidad con env\u00edo a toda Espa\u00f1a. Asesoramiento experto y cer...","rank_math_canonical_url":"","rank_math_focus_keyword":"Dracaena Marginata"},"product_brand":[],"product_cat":[66],"product_tag":[74,145],"class_list":{"0":"post-820","1":"product","2":"type-product","3":"status-publish","4":"has-post-thumbnail","6":"product_cat-vivero-losteflor","7":"product_tag-dracaena-marginata","8":"product_tag-plantas","10":"first","11":"instock","12":"shipping-taxable","13":"product-type-simple"},"acf":[],"_links":{"self":[{"href":"https:\/\/losteflor.com\/es\/wp-json\/wp\/v2\/product\/820","targetHints":{"allow":["GET"]}}],"collection":[{"href":"https:\/\/losteflor.com\/es\/wp-json\/wp\/v2\/product"}],"about":[{"href":"https:\/\/losteflor.com\/es\/wp-json\/wp\/v2\/types\/product"}],"replies":[{"embeddable":true,"href":"https:\/\/losteflor.com\/es\/wp-json\/wp\/v2\/comments?post=820"}],"wp:featuredmedia":[{"embeddable":true,"href":"https:\/\/losteflor.com\/es\/wp-json\/wp\/v2\/media\/1038"}],"wp:attachment":[{"href":"https:\/\/losteflor.com\/es\/wp-json\/wp\/v2\/media?parent=820"}],"wp:term":[{"taxonomy":"product_brand","embeddable":true,"href":"https:\/\/losteflor.com\/es\/wp-json\/wp\/v2\/product_brand?post=820"},{"taxonomy":"product_cat","embeddable":true,"href":"https:\/\/losteflor.com\/es\/wp-json\/wp\/v2\/product_cat?post=820"},{"taxonomy":"product_tag","embeddable":true,"href":"https:\/\/losteflor.com\/es\/wp-json\/wp\/v2\/product_tag?post=820"}],"curies":[{"name":"wp","href":"https:\/\/api.w.org\/{rel}","templated":true}]}}