{"id":819,"date":"2023-12-19T20:11:52","date_gmt":"2023-12-19T20:11:52","guid":{"rendered":"https:\/\/losteflor.com\/?post_type=product&#038;p=819"},"modified":"2025-02-26T10:42:57","modified_gmt":"2025-02-26T10:42:57","slug":"agave-atenuatta","status":"publish","type":"product","link":"https:\/\/losteflor.com\/es\/producto\/agave-atenuatta\/","title":{"rendered":"Agave Atenuatta"},"content":{"rendered":"<p>Cuidados del Agave Atenuatta:<\/p>\n<p><strong>Temperatura:<\/strong> Esta planta prefiere climas c\u00e1lidos y no tolera las heladas, temperaturas inferiores a los -2\u00baC.<\/p>\n<p><strong>Luz:<\/strong> Agave attenuata prefiere luz brillante indirecta o luz solar suave. Puede tolerar algo de sombra parcial, pero para un crecimiento \u00f3ptimo, col\u00f3cala en un lugar con luz indirecta intensa.<\/p>\n<p><strong>Riego:<\/strong> Es extremadamente tolerante a la sequ\u00eda, pero mejorar\u00e1 con la humedad y crecer\u00e1 m\u00e1s r\u00e1pidamente si se mantiene bien regada y nutrida.<\/p>\n<p><strong>Plagas:<\/strong> Son plantas muy resistentes a plagas y enfermedades, pero lo m\u00e1s com\u00fan es la aparici\u00f3n de hongos. Generalmente por exceso de riego, el tallo se pudre. Ojo con las plagas de caracoles, que pueden morder y comer las hojas de la attenuata.<\/p>\n<p><strong>Fertilizaci\u00f3n:<\/strong> Las plantas suculentas cultivadas en macetas requieren un tipo de sustrato que le permita eliminar el agua sobrante con mucha facilidad. Por ello, se suelen mezclas los sustratos universales con componentes como arenas, grava, perlita o fibra de coco. Todos ellos ofrecen una buena oxigenaci\u00f3n del medio y drenan el agua sobrante.<\/p>\n<p><strong>Poda:<\/strong> Elimina las hojas secas o da\u00f1adas de vez en cuando para mantener un aspecto limpio y saludable.<\/p>\n","protected":false},"excerpt":{"rendered":"<p>Agave Atenuatta. Originaria de M\u00e9xico, es muy f\u00e1cil de cultivar y por ello es muy popular su uso ornamental. Se trata de una especie de car\u00e1cter xer\u00f3fito, con lo que prefiere vivir en lugares muy soleados. Tambi\u00e9n podemos cultivarla en interior en maceta, pero tendremos que colocarla en el lugar m\u00e1s iluminado que sea posible.<\/p>\n","protected":false},"featured_media":1030,"comment_status":"open","ping_status":"closed","template":"","meta":{"_acf_changed":false,"inline_featured_image":false,"rank_math_title":"Agave Atenuatta | Comprar en Vivero LosteFlor C\u00e1diz","rank_math_description":"Compra Agave Atenuatta en el vivero LosteFlor, Chiclana de la Frontera (C\u00e1diz). Plantas de calidad con env\u00edo a toda Espa\u00f1a. Asesoramiento experto y certif...","rank_math_canonical_url":"","rank_math_focus_keyword":"Agave Atenuatta"},"product_brand":[],"product_cat":[66],"product_tag":[145],"class_list":{"0":"post-819","1":"product","2":"type-product","3":"status-publish","4":"has-post-thumbnail","6":"product_cat-vivero-losteflor","7":"product_tag-plantas","9":"first","10":"instock","11":"shipping-taxable","12":"product-type-simple"},"acf":[],"_links":{"self":[{"href":"https:\/\/losteflor.com\/es\/wp-json\/wp\/v2\/product\/819","targetHints":{"allow":["GET"]}}],"collection":[{"href":"https:\/\/losteflor.com\/es\/wp-json\/wp\/v2\/product"}],"about":[{"href":"https:\/\/losteflor.com\/es\/wp-json\/wp\/v2\/types\/product"}],"replies":[{"embeddable":true,"href":"https:\/\/losteflor.com\/es\/wp-json\/wp\/v2\/comments?post=819"}],"wp:featuredmedia":[{"embeddable":true,"href":"https:\/\/losteflor.com\/es\/wp-json\/wp\/v2\/media\/1030"}],"wp:attachment":[{"href":"https:\/\/losteflor.com\/es\/wp-json\/wp\/v2\/media?parent=819"}],"wp:term":[{"taxonomy":"product_brand","embeddable":true,"href":"https:\/\/losteflor.com\/es\/wp-json\/wp\/v2\/product_brand?post=819"},{"taxonomy":"product_cat","embeddable":true,"href":"https:\/\/losteflor.com\/es\/wp-json\/wp\/v2\/product_cat?post=819"},{"taxonomy":"product_tag","embeddable":true,"href":"https:\/\/losteflor.com\/es\/wp-json\/wp\/v2\/product_tag?post=819"}],"curies":[{"name":"wp","href":"https:\/\/api.w.org\/{rel}","templated":true}]}}