{"id":2432,"date":"2025-03-17T12:48:43","date_gmt":"2025-03-17T12:48:43","guid":{"rendered":"https:\/\/losteflor.com\/?post_type=product&#038;p=2432"},"modified":"2025-07-29T15:42:58","modified_gmt":"2025-07-29T15:42:58","slug":"2432","status":"publish","type":"product","link":"https:\/\/losteflor.com\/es\/producto\/2432\/","title":{"rendered":"Celos\u00eda De Madera"},"content":{"rendered":"<p data-start=\"78\" data-end=\"421\">La <strong data-start=\"81\" data-end=\"102\">celos\u00eda de madera<\/strong> es la opci\u00f3n perfecta para embellecer jardines, terrazas y balcones, proporcionando un soporte ideal para <strong data-start=\"209\" data-end=\"231\">plantas trepadoras<\/strong> y creando entornos naturales y acogedores. Su dise\u00f1o vers\u00e1til no solo a\u00f1ade un toque decorativo, sino que tambi\u00e9n mejora la privacidad sin comprometer la entrada de luz ni la ventilaci\u00f3n.<\/p>\n<p data-start=\"423\" data-end=\"723\">Elaborada con <strong data-start=\"437\" data-end=\"468\">madera natural seleccionada<\/strong> por su calidad y resistencia, esta celos\u00eda destaca por su <strong data-start=\"527\" data-end=\"563\">durabilidad y est\u00e9tica atemporal<\/strong>. Su tratamiento especial la hace <strong data-start=\"597\" data-end=\"627\">resistente a la intemperie<\/strong>, asegurando que conserve su belleza y estructura incluso en condiciones clim\u00e1ticas exigentes.<\/p>\n<p data-start=\"725\" data-end=\"899\">Gracias a su <strong data-start=\"738\" data-end=\"759\">f\u00e1cil instalaci\u00f3n<\/strong>, podr\u00e1s integrarla r\u00e1pidamente en tu espacio, ya sea para delimitar \u00e1reas, aportar privacidad o realzar el dise\u00f1o de tu entorno exterior.<\/p>\n<p data-start=\"901\" data-end=\"1047\" data-is-last-node=\"\" data-is-only-node=\"\">Transforma tu jard\u00edn, patio o balc\u00f3n en un <strong data-start=\"944\" data-end=\"973\">espacio \u00fanico y armonioso<\/strong>, donde la funcionalidad y la belleza natural se fusionan a la perfecci\u00f3n.<\/p>\n","protected":false},"excerpt":{"rendered":"<p>La celos\u00eda de madera es la opci\u00f3n perfecta para embellecer jardines, terrazas y balcones, proporcionando un soporte ideal para plantas trepadoras y creando entornos naturales y acogedores. Su dise\u00f1o vers\u00e1til no solo a\u00f1ade un toque decorativo, sino que tambi\u00e9n mejora la privacidad sin comprometer la entrada de luz ni la ventilaci\u00f3n. Elaborada con madera natural [&hellip;]<\/p>\n","protected":false},"featured_media":2435,"comment_status":"open","ping_status":"closed","template":"","meta":{"_acf_changed":false,"inline_featured_image":false,"rank_math_title":"Celos\u00eda De Madera | Comprar en Vivero LosteFlor C\u00e1diz","rank_math_description":"Compra Celos\u00eda De Madera en el vivero LosteFlor, Chiclana de la Frontera (C\u00e1diz). Plantas de calidad con env\u00edo a toda Espa\u00f1a. Asesoramiento experto y cer...","rank_math_canonical_url":"","rank_math_focus_keyword":"celos\u00eda de madera comprar"},"product_brand":[],"product_cat":[151,65],"product_tag":[152],"class_list":{"0":"post-2432","1":"product","2":"type-product","3":"status-publish","4":"has-post-thumbnail","6":"product_cat-ocultacion","7":"product_cat-sin-categorizar","8":"product_tag-ocultacion","10":"first","11":"instock","12":"shipping-taxable","13":"product-type-simple"},"acf":[],"_links":{"self":[{"href":"https:\/\/losteflor.com\/es\/wp-json\/wp\/v2\/product\/2432","targetHints":{"allow":["GET"]}}],"collection":[{"href":"https:\/\/losteflor.com\/es\/wp-json\/wp\/v2\/product"}],"about":[{"href":"https:\/\/losteflor.com\/es\/wp-json\/wp\/v2\/types\/product"}],"replies":[{"embeddable":true,"href":"https:\/\/losteflor.com\/es\/wp-json\/wp\/v2\/comments?post=2432"}],"wp:featuredmedia":[{"embeddable":true,"href":"https:\/\/losteflor.com\/es\/wp-json\/wp\/v2\/media\/2435"}],"wp:attachment":[{"href":"https:\/\/losteflor.com\/es\/wp-json\/wp\/v2\/media?parent=2432"}],"wp:term":[{"taxonomy":"product_brand","embeddable":true,"href":"https:\/\/losteflor.com\/es\/wp-json\/wp\/v2\/product_brand?post=2432"},{"taxonomy":"product_cat","embeddable":true,"href":"https:\/\/losteflor.com\/es\/wp-json\/wp\/v2\/product_cat?post=2432"},{"taxonomy":"product_tag","embeddable":true,"href":"https:\/\/losteflor.com\/es\/wp-json\/wp\/v2\/product_tag?post=2432"}],"curies":[{"name":"wp","href":"https:\/\/api.w.org\/{rel}","templated":true}]}}