{"id":2420,"date":"2025-03-17T12:40:38","date_gmt":"2025-03-17T12:40:38","guid":{"rendered":"https:\/\/losteflor.com\/?post_type=product&#038;p=2420"},"modified":"2025-07-29T15:43:23","modified_gmt":"2025-07-29T15:43:23","slug":"cepillo-industrial-pvc","status":"publish","type":"product","link":"https:\/\/losteflor.com\/es\/producto\/cepillo-industrial-pvc\/","title":{"rendered":"Cepillo Industrial (PVC)"},"content":{"rendered":"<p data-start=\"84\" data-end=\"363\">Los <strong data-start=\"88\" data-end=\"113\">cepillos industriales<\/strong> son la soluci\u00f3n ideal para mantener espacios libres de polvo, suciedad y escombros. Dise\u00f1ados para <strong data-start=\"213\" data-end=\"255\">barrer eficazmente grandes superficies<\/strong>, combinan ligereza y resistencia, ofreciendo un barrido eficiente tanto en interiores como en exteriores.<\/p>\n<p data-start=\"365\" data-end=\"690\">Fabricados con <strong data-start=\"380\" data-end=\"422\">fibras sint\u00e9ticas suaves y resistentes<\/strong>, estos cepillos cuentan con una dureza media y un acabado plumado, lo que permite recoger incluso el polvo m\u00e1s fino. Son perfectos para su uso en patios, terrazas, almacenes e instalaciones industriales, garantizando una limpieza \u00f3ptima en todo tipo de superficies.<\/p>\n<p data-start=\"692\" data-end=\"974\" data-is-last-node=\"\" data-is-only-node=\"\">Adem\u00e1s de su alto rendimiento, representan una opci\u00f3n sostenible, ya que est\u00e1n elaborados con <strong data-start=\"786\" data-end=\"831\">pl\u00e1stico reciclado y son 100% reciclables<\/strong>. Disponibles en un surtido de colores y en una medida de <strong data-start=\"889\" data-end=\"898\">50 cm<\/strong>, con rosca de <strong data-start=\"913\" data-end=\"924\">\u00d8 28 mm<\/strong>, se adaptan a diferentes necesidades de limpieza.<\/p>\n","protected":false},"excerpt":{"rendered":"<p>Los cepillos industriales son la soluci\u00f3n ideal para mantener espacios libres de polvo, suciedad y escombros. Dise\u00f1ados para barrer eficazmente grandes superficies, combinan ligereza y resistencia, ofreciendo un barrido eficiente tanto en interiores como en exteriores. Fabricados con fibras sint\u00e9ticas suaves y resistentes, estos cepillos cuentan con una dureza media y un acabado plumado, lo [&hellip;]<\/p>\n","protected":false},"featured_media":2422,"comment_status":"open","ping_status":"closed","template":"","meta":{"_acf_changed":false,"inline_featured_image":false,"rank_math_title":"Cepillo Industrial (PVC) | LosteFlor Vivero C\u00e1diz","rank_math_description":"Compra Cepillo Industrial (PVC) en el vivero LosteFlor, Chiclana de la Frontera (C\u00e1diz). Plantas de calidad con env\u00edo a toda Espa\u00f1a. Asesoramiento experto...","rank_math_canonical_url":"","rank_math_focus_keyword":"cepillo industrial (pvc) comprar"},"product_brand":[],"product_cat":[155],"product_tag":[156,152],"class_list":{"0":"post-2420","1":"product","2":"type-product","3":"status-publish","4":"has-post-thumbnail","6":"product_cat-accesorios-de-jardin","7":"product_tag-accesorios-de-jardin","8":"product_tag-ocultacion","10":"first","11":"instock","12":"shipping-taxable","13":"product-type-simple"},"acf":[],"_links":{"self":[{"href":"https:\/\/losteflor.com\/es\/wp-json\/wp\/v2\/product\/2420","targetHints":{"allow":["GET"]}}],"collection":[{"href":"https:\/\/losteflor.com\/es\/wp-json\/wp\/v2\/product"}],"about":[{"href":"https:\/\/losteflor.com\/es\/wp-json\/wp\/v2\/types\/product"}],"replies":[{"embeddable":true,"href":"https:\/\/losteflor.com\/es\/wp-json\/wp\/v2\/comments?post=2420"}],"wp:featuredmedia":[{"embeddable":true,"href":"https:\/\/losteflor.com\/es\/wp-json\/wp\/v2\/media\/2422"}],"wp:attachment":[{"href":"https:\/\/losteflor.com\/es\/wp-json\/wp\/v2\/media?parent=2420"}],"wp:term":[{"taxonomy":"product_brand","embeddable":true,"href":"https:\/\/losteflor.com\/es\/wp-json\/wp\/v2\/product_brand?post=2420"},{"taxonomy":"product_cat","embeddable":true,"href":"https:\/\/losteflor.com\/es\/wp-json\/wp\/v2\/product_cat?post=2420"},{"taxonomy":"product_tag","embeddable":true,"href":"https:\/\/losteflor.com\/es\/wp-json\/wp\/v2\/product_tag?post=2420"}],"curies":[{"name":"wp","href":"https:\/\/api.w.org\/{rel}","templated":true}]}}