{"id":2397,"date":"2025-03-17T12:08:34","date_gmt":"2025-03-17T12:08:34","guid":{"rendered":"https:\/\/losteflor.com\/?post_type=product&#038;p=2397"},"modified":"2025-07-29T15:44:33","modified_gmt":"2025-07-29T15:44:33","slug":"sombrillas-de-esparto","status":"publish","type":"product","link":"https:\/\/losteflor.com\/es\/producto\/sombrillas-de-esparto\/","title":{"rendered":"Sombrillas De Esparto"},"content":{"rendered":"<p data-start=\"70\" data-end=\"405\">Dale un <strong data-start=\"78\" data-end=\"107\">toque r\u00fastico y aut\u00e9ntico<\/strong> a tu espacio exterior con nuestras <strong data-start=\"143\" data-end=\"168\">Sombrillas de Esparto<\/strong>. Tejidas con meticulosa artesan\u00eda, estas sombrillas no solo aportan una <strong data-start=\"241\" data-end=\"268\">sombra fresca y natural<\/strong>, sino que tambi\u00e9n destacan por su <strong data-start=\"303\" data-end=\"325\">elegancia org\u00e1nica<\/strong> y su alta capacidad de ocultaci\u00f3n gracias a la calidad y espesor del esparto.<\/p>\n<p data-start=\"407\" data-end=\"589\">Son la opci\u00f3n ideal para <strong data-start=\"432\" data-end=\"473\">piscinas, playas, jardines y terrazas<\/strong>, ofreciendo una protecci\u00f3n eficaz contra el sol y las inclemencias del tiempo, sin perder su encanto tradicional.<\/p>\n<ul>\n<li data-start=\"591\" data-end=\"785\"><strong data-start=\"593\" data-end=\"651\">M\u00e1xima protecci\u00f3n solar y resistencia a la intemperie.<\/strong><\/li>\n<li data-start=\"591\" data-end=\"785\"><strong data-start=\"656\" data-end=\"726\">Dise\u00f1o r\u00fastico que se integra perfectamente en cualquier ambiente.<\/strong><\/li>\n<li data-start=\"591\" data-end=\"785\"><strong data-start=\"731\" data-end=\"785\" data-is-last-node=\"\">Disponibles en conjunto o por elementos separados.<\/strong><\/li>\n<\/ul>\n","protected":false},"excerpt":{"rendered":"<p>Dale un toque r\u00fastico y aut\u00e9ntico a tu espacio exterior con nuestras Sombrillas de Esparto. Tejidas con meticulosa artesan\u00eda, estas sombrillas no solo aportan una sombra fresca y natural, sino que tambi\u00e9n destacan por su elegancia org\u00e1nica y su alta capacidad de ocultaci\u00f3n gracias a la calidad y espesor del esparto. Son la opci\u00f3n ideal [&hellip;]<\/p>\n","protected":false},"featured_media":2399,"comment_status":"open","ping_status":"closed","template":"","meta":{"_acf_changed":false,"inline_featured_image":false,"rank_math_title":"Sombrillas De Esparto | Comprar en Vivero LosteFlor C\u00e1diz","rank_math_description":"Compra Sombrillas De Esparto en el vivero LosteFlor, Chiclana de la Frontera (C\u00e1diz). Plantas de calidad con env\u00edo a toda Espa\u00f1a. Asesoramiento experto y ...","rank_math_canonical_url":"","rank_math_focus_keyword":"sombrillas de esparto comprar"},"product_brand":[],"product_cat":[154],"product_tag":[153,152],"class_list":{"0":"post-2397","1":"product","2":"type-product","3":"status-publish","4":"has-post-thumbnail","6":"product_cat-accesorios-de-madera","7":"product_tag-accesorios-de-madera","8":"product_tag-ocultacion","10":"first","11":"instock","12":"shipping-taxable","13":"product-type-simple"},"acf":[],"_links":{"self":[{"href":"https:\/\/losteflor.com\/es\/wp-json\/wp\/v2\/product\/2397","targetHints":{"allow":["GET"]}}],"collection":[{"href":"https:\/\/losteflor.com\/es\/wp-json\/wp\/v2\/product"}],"about":[{"href":"https:\/\/losteflor.com\/es\/wp-json\/wp\/v2\/types\/product"}],"replies":[{"embeddable":true,"href":"https:\/\/losteflor.com\/es\/wp-json\/wp\/v2\/comments?post=2397"}],"wp:featuredmedia":[{"embeddable":true,"href":"https:\/\/losteflor.com\/es\/wp-json\/wp\/v2\/media\/2399"}],"wp:attachment":[{"href":"https:\/\/losteflor.com\/es\/wp-json\/wp\/v2\/media?parent=2397"}],"wp:term":[{"taxonomy":"product_brand","embeddable":true,"href":"https:\/\/losteflor.com\/es\/wp-json\/wp\/v2\/product_brand?post=2397"},{"taxonomy":"product_cat","embeddable":true,"href":"https:\/\/losteflor.com\/es\/wp-json\/wp\/v2\/product_cat?post=2397"},{"taxonomy":"product_tag","embeddable":true,"href":"https:\/\/losteflor.com\/es\/wp-json\/wp\/v2\/product_tag?post=2397"}],"curies":[{"name":"wp","href":"https:\/\/api.w.org\/{rel}","templated":true}]}}