{"id":2374,"date":"2025-03-17T11:38:22","date_gmt":"2025-03-17T11:38:22","guid":{"rendered":"https:\/\/losteflor.com\/?post_type=product&#038;p=2374"},"modified":"2025-07-29T15:45:22","modified_gmt":"2025-07-29T15:45:22","slug":"papelera-iberia","status":"publish","type":"product","link":"https:\/\/losteflor.com\/es\/producto\/papelera-iberia\/","title":{"rendered":"Papelera Iberia"},"content":{"rendered":"<p data-start=\"65\" data-end=\"447\">Los <strong data-start=\"69\" data-end=\"88\">huertos urbanos<\/strong> son una excelente alternativa para disfrutar de un <strong data-start=\"140\" data-end=\"168\">cultivo familiar en casa<\/strong>, permiti\u00e9ndote cosechar tus propias hortalizas y hierbas de forma sencilla y sostenible. Adem\u00e1s de aportar frescura a tu hogar, representan una oportunidad educativa ideal para los m\u00e1s peque\u00f1os, ense\u00f1\u00e1ndoles de manera pr\u00e1ctica el origen de los alimentos que consumen a diario.<\/p>\n<p data-start=\"449\" data-end=\"532\" data-is-last-node=\"\" data-is-only-node=\"\"><strong data-start=\"452\" data-end=\"532\" data-is-last-node=\"\">Descubre el placer de cultivar en casa y comparte la experiencia en familia.<\/strong><\/p>\n","protected":false},"excerpt":{"rendered":"<p>Los huertos urbanos son una excelente alternativa para disfrutar de un cultivo familiar en casa, permiti\u00e9ndote cosechar tus propias hortalizas y hierbas de forma sencilla y sostenible. Adem\u00e1s de aportar frescura a tu hogar, representan una oportunidad educativa ideal para los m\u00e1s peque\u00f1os, ense\u00f1\u00e1ndoles de manera pr\u00e1ctica el origen de los alimentos que consumen a [&hellip;]<\/p>\n","protected":false},"featured_media":2378,"comment_status":"open","ping_status":"closed","template":"","meta":{"_acf_changed":false,"inline_featured_image":false,"rank_math_title":"Papelera Iberia | Comprar en Vivero LosteFlor C\u00e1diz","rank_math_description":"Compra Papelera Iberia en el vivero LosteFlor, Chiclana de la Frontera (C\u00e1diz). Plantas de calidad con env\u00edo a toda Espa\u00f1a. Asesoramiento experto y certif...","rank_math_canonical_url":"","rank_math_focus_keyword":"papelera iberia comprar"},"product_brand":[],"product_cat":[154],"product_tag":[153,152],"class_list":{"0":"post-2374","1":"product","2":"type-product","3":"status-publish","4":"has-post-thumbnail","6":"product_cat-accesorios-de-madera","7":"product_tag-accesorios-de-madera","8":"product_tag-ocultacion","10":"first","11":"instock","12":"shipping-taxable","13":"product-type-simple"},"acf":[],"_links":{"self":[{"href":"https:\/\/losteflor.com\/es\/wp-json\/wp\/v2\/product\/2374","targetHints":{"allow":["GET"]}}],"collection":[{"href":"https:\/\/losteflor.com\/es\/wp-json\/wp\/v2\/product"}],"about":[{"href":"https:\/\/losteflor.com\/es\/wp-json\/wp\/v2\/types\/product"}],"replies":[{"embeddable":true,"href":"https:\/\/losteflor.com\/es\/wp-json\/wp\/v2\/comments?post=2374"}],"wp:featuredmedia":[{"embeddable":true,"href":"https:\/\/losteflor.com\/es\/wp-json\/wp\/v2\/media\/2378"}],"wp:attachment":[{"href":"https:\/\/losteflor.com\/es\/wp-json\/wp\/v2\/media?parent=2374"}],"wp:term":[{"taxonomy":"product_brand","embeddable":true,"href":"https:\/\/losteflor.com\/es\/wp-json\/wp\/v2\/product_brand?post=2374"},{"taxonomy":"product_cat","embeddable":true,"href":"https:\/\/losteflor.com\/es\/wp-json\/wp\/v2\/product_cat?post=2374"},{"taxonomy":"product_tag","embeddable":true,"href":"https:\/\/losteflor.com\/es\/wp-json\/wp\/v2\/product_tag?post=2374"}],"curies":[{"name":"wp","href":"https:\/\/api.w.org\/{rel}","templated":true}]}}