{"id":2346,"date":"2025-03-17T10:58:56","date_gmt":"2025-03-17T10:58:56","guid":{"rendered":"https:\/\/losteflor.com\/?post_type=product&#038;p=2346"},"modified":"2025-07-29T15:46:19","modified_gmt":"2025-07-29T15:46:19","slug":"mimbre-artificial","status":"publish","type":"product","link":"https:\/\/losteflor.com\/es\/producto\/mimbre-artificial\/","title":{"rendered":"Mimbre Artificial"},"content":{"rendered":"<p data-start=\"71\" data-end=\"445\">El <strong data-start=\"74\" data-end=\"95\">mimbre artificial<\/strong> es la alternativa perfecta para quienes desean el encanto del mimbre natural con la ventaja de una mayor resistencia y durabilidad. Dise\u00f1ado para soportar la intemperie, no se desvanece con la exposici\u00f3n prolongada al sol y requiere un mantenimiento m\u00ednimo. Su f\u00e1cil limpieza lo convierte en una opci\u00f3n pr\u00e1ctica y funcional para cualquier espacio.<\/p>\n<p data-start=\"447\" data-end=\"625\">Gracias a su apariencia realista, el <strong data-start=\"484\" data-end=\"505\">mimbre artificial<\/strong> es ideal tanto para decoraci\u00f3n de interiores como para la creaci\u00f3n de vallas y pantallas de privacidad en exteriores.<\/p>\n<p data-start=\"627\" data-end=\"724\">Disponemos de una amplia variedad de <strong data-start=\"664\" data-end=\"685\">dise\u00f1os y estilos<\/strong> para adaptarse a cualquier proyecto.<\/p>\n","protected":false},"excerpt":{"rendered":"<p>El mimbre artificial es la alternativa perfecta para quienes desean el encanto del mimbre natural con la ventaja de una mayor resistencia y durabilidad. Dise\u00f1ado para soportar la intemperie, no se desvanece con la exposici\u00f3n prolongada al sol y requiere un mantenimiento m\u00ednimo. Su f\u00e1cil limpieza lo convierte en una opci\u00f3n pr\u00e1ctica y funcional para [&hellip;]<\/p>\n","protected":false},"featured_media":2351,"comment_status":"open","ping_status":"closed","template":"","meta":{"_acf_changed":false,"inline_featured_image":false,"rank_math_title":"Mimbre Artificial | Comprar en Vivero LosteFlor C\u00e1diz","rank_math_description":"Compra Mimbre Artificial en el vivero LosteFlor, Chiclana de la Frontera (C\u00e1diz). Plantas de calidad con env\u00edo a toda Espa\u00f1a. Asesoramiento experto y cert...","rank_math_canonical_url":"","rank_math_focus_keyword":"mimbre artificial comprar"},"product_brand":[],"product_cat":[151,65],"product_tag":[152],"class_list":{"0":"post-2346","1":"product","2":"type-product","3":"status-publish","4":"has-post-thumbnail","6":"product_cat-ocultacion","7":"product_cat-sin-categorizar","8":"product_tag-ocultacion","10":"first","11":"instock","12":"shipping-taxable","13":"product-type-simple"},"acf":[],"_links":{"self":[{"href":"https:\/\/losteflor.com\/es\/wp-json\/wp\/v2\/product\/2346","targetHints":{"allow":["GET"]}}],"collection":[{"href":"https:\/\/losteflor.com\/es\/wp-json\/wp\/v2\/product"}],"about":[{"href":"https:\/\/losteflor.com\/es\/wp-json\/wp\/v2\/types\/product"}],"replies":[{"embeddable":true,"href":"https:\/\/losteflor.com\/es\/wp-json\/wp\/v2\/comments?post=2346"}],"wp:featuredmedia":[{"embeddable":true,"href":"https:\/\/losteflor.com\/es\/wp-json\/wp\/v2\/media\/2351"}],"wp:attachment":[{"href":"https:\/\/losteflor.com\/es\/wp-json\/wp\/v2\/media?parent=2346"}],"wp:term":[{"taxonomy":"product_brand","embeddable":true,"href":"https:\/\/losteflor.com\/es\/wp-json\/wp\/v2\/product_brand?post=2346"},{"taxonomy":"product_cat","embeddable":true,"href":"https:\/\/losteflor.com\/es\/wp-json\/wp\/v2\/product_cat?post=2346"},{"taxonomy":"product_tag","embeddable":true,"href":"https:\/\/losteflor.com\/es\/wp-json\/wp\/v2\/product_tag?post=2346"}],"curies":[{"name":"wp","href":"https:\/\/api.w.org\/{rel}","templated":true}]}}