{"id":2342,"date":"2025-03-17T10:51:30","date_gmt":"2025-03-17T10:51:30","guid":{"rendered":"https:\/\/losteflor.com\/?post_type=product&#038;p=2342"},"modified":"2025-07-29T15:46:27","modified_gmt":"2025-07-29T15:46:27","slug":"canizo-partido-nacional","status":"publish","type":"product","link":"https:\/\/losteflor.com\/es\/producto\/canizo-partido-nacional\/","title":{"rendered":"Ca\u00f1izo Partido Nacional"},"content":{"rendered":"<p data-start=\"72\" data-end=\"375\">Si buscas una soluci\u00f3n efectiva para mejorar la privacidad de tu hogar o jard\u00edn, el <strong data-start=\"156\" data-end=\"174\">ca\u00f1izo partido<\/strong> es una excelente elecci\u00f3n. Su estructura resistente y duradera proporciona una barrera eficaz contra el viento y las miradas indiscretas, permiti\u00e9ndote disfrutar de un espacio tranquilo y protegido.<\/p>\n<p data-start=\"377\" data-end=\"510\">Gracias a su f\u00e1cil instalaci\u00f3n y bajo mantenimiento, es una alternativa pr\u00e1ctica y asequible para vallas, cercas y zonas de sombra.<\/p>\n<p data-start=\"512\" data-end=\"768\">El <strong data-start=\"515\" data-end=\"542\">ca\u00f1izo nacional partido<\/strong>, de fabricaci\u00f3n propia, es ampliamente utilizado para <strong data-start=\"597\" data-end=\"636\">ocultaci\u00f3n, delimitaci\u00f3n y sombraje<\/strong>. Est\u00e1 cosido con <strong data-start=\"654\" data-end=\"695\">alambre galvanizado de 1 mm de grosor<\/strong>, colocado cada 17 cm, lo que garantiza una gran resistencia y calidad.<\/p>\n<p data-start=\"770\" data-end=\"862\" data-is-last-node=\"\" data-is-only-node=\"\"><strong data-start=\"773\" data-end=\"862\" data-is-last-node=\"\">Aporta privacidad y estilo natural a tus espacios con nuestro ca\u00f1izo de alta calidad.<\/strong><\/p>\n","protected":false},"excerpt":{"rendered":"<p>Si buscas una soluci\u00f3n efectiva para mejorar la privacidad de tu hogar o jard\u00edn, el ca\u00f1izo partido es una excelente elecci\u00f3n. Su estructura resistente y duradera proporciona una barrera eficaz contra el viento y las miradas indiscretas, permiti\u00e9ndote disfrutar de un espacio tranquilo y protegido. Gracias a su f\u00e1cil instalaci\u00f3n y bajo mantenimiento, es una [&hellip;]<\/p>\n","protected":false},"featured_media":2343,"comment_status":"open","ping_status":"closed","template":"","meta":{"_acf_changed":false,"inline_featured_image":false,"rank_math_title":"Ca\u00f1izo Partido Nacional | LosteFlor Vivero C\u00e1diz","rank_math_description":"Compra Ca\u00f1izo Partido Nacional en el vivero LosteFlor, Chiclana de la Frontera (C\u00e1diz). Plantas de calidad con env\u00edo a toda Espa\u00f1a. Asesoramiento experto...","rank_math_canonical_url":"","rank_math_focus_keyword":"ca\u00f1izo partido nacional comprar"},"product_brand":[],"product_cat":[151,65],"product_tag":[152],"class_list":{"0":"post-2342","1":"product","2":"type-product","3":"status-publish","4":"has-post-thumbnail","6":"product_cat-ocultacion","7":"product_cat-sin-categorizar","8":"product_tag-ocultacion","10":"first","11":"instock","12":"shipping-taxable","13":"product-type-simple"},"acf":[],"_links":{"self":[{"href":"https:\/\/losteflor.com\/es\/wp-json\/wp\/v2\/product\/2342","targetHints":{"allow":["GET"]}}],"collection":[{"href":"https:\/\/losteflor.com\/es\/wp-json\/wp\/v2\/product"}],"about":[{"href":"https:\/\/losteflor.com\/es\/wp-json\/wp\/v2\/types\/product"}],"replies":[{"embeddable":true,"href":"https:\/\/losteflor.com\/es\/wp-json\/wp\/v2\/comments?post=2342"}],"wp:featuredmedia":[{"embeddable":true,"href":"https:\/\/losteflor.com\/es\/wp-json\/wp\/v2\/media\/2343"}],"wp:attachment":[{"href":"https:\/\/losteflor.com\/es\/wp-json\/wp\/v2\/media?parent=2342"}],"wp:term":[{"taxonomy":"product_brand","embeddable":true,"href":"https:\/\/losteflor.com\/es\/wp-json\/wp\/v2\/product_brand?post=2342"},{"taxonomy":"product_cat","embeddable":true,"href":"https:\/\/losteflor.com\/es\/wp-json\/wp\/v2\/product_cat?post=2342"},{"taxonomy":"product_tag","embeddable":true,"href":"https:\/\/losteflor.com\/es\/wp-json\/wp\/v2\/product_tag?post=2342"}],"curies":[{"name":"wp","href":"https:\/\/api.w.org\/{rel}","templated":true}]}}