{"id":2329,"date":"2025-03-17T10:17:05","date_gmt":"2025-03-17T10:17:05","guid":{"rendered":"https:\/\/losteflor.com\/?post_type=product&#038;p=2329"},"modified":"2025-07-29T15:46:50","modified_gmt":"2025-07-29T15:46:50","slug":"mimbre-importacion","status":"publish","type":"product","link":"https:\/\/losteflor.com\/es\/producto\/mimbre-importacion\/","title":{"rendered":"Mimbre Importaci\u00f3n"},"content":{"rendered":"<p data-start=\"35\" data-end=\"414\">El <strong data-start=\"38\" data-end=\"63\">mimbre de importaci\u00f3n<\/strong> es una opci\u00f3n ideal para quienes buscan una alternativa m\u00e1s ex\u00f3tica y original en su decoraci\u00f3n. Cultivado en diversas partes del mundo, se distingue por su apariencia \u00fanica y una mayor variedad de tonalidades en comparaci\u00f3n con el mimbre nacional. Esto lo convierte en la elecci\u00f3n perfecta para quienes desean un estilo m\u00e1s atrevido y sofisticado.<\/p>\n<p data-start=\"416\" data-end=\"620\">Gracias a su versatilidad, el mimbre de importaci\u00f3n se adapta a m\u00faltiples proyectos decorativos, desde la fabricaci\u00f3n de muebles y objetos decorativos hasta la creaci\u00f3n de piezas elegantes y exclusivas.<\/p>\n<p data-start=\"622\" data-end=\"739\"><strong data-start=\"625\" data-end=\"737\">Descubre todo lo que el mimbre de importaci\u00f3n puede ofrecerte y dale un toque ex\u00f3tico y original a tu hogar.<\/strong><\/p>\n","protected":false},"excerpt":{"rendered":"<p>El mimbre de importaci\u00f3n es una opci\u00f3n ideal para quienes buscan una alternativa m\u00e1s ex\u00f3tica y original en su decoraci\u00f3n. Cultivado en diversas partes del mundo, se distingue por su apariencia \u00fanica y una mayor variedad de tonalidades en comparaci\u00f3n con el mimbre nacional. Esto lo convierte en la elecci\u00f3n perfecta para quienes desean un [&hellip;]<\/p>\n","protected":false},"featured_media":2330,"comment_status":"open","ping_status":"closed","template":"","meta":{"_acf_changed":false,"inline_featured_image":false,"rank_math_title":"Mimbre Importaci\u00f3n | Comprar en Vivero LosteFlor C\u00e1diz","rank_math_description":"Compra Mimbre Importaci\u00f3n en el vivero LosteFlor, Chiclana de la Frontera (C\u00e1diz). Plantas de calidad con env\u00edo a toda Espa\u00f1a. Asesoramiento experto y ce...","rank_math_canonical_url":"","rank_math_focus_keyword":"mimbre importaci\u00f3n comprar"},"product_brand":[],"product_cat":[151,65],"product_tag":[152],"class_list":{"0":"post-2329","1":"product","2":"type-product","3":"status-publish","4":"has-post-thumbnail","6":"product_cat-ocultacion","7":"product_cat-sin-categorizar","8":"product_tag-ocultacion","10":"first","11":"instock","12":"shipping-taxable","13":"product-type-simple"},"acf":[],"_links":{"self":[{"href":"https:\/\/losteflor.com\/es\/wp-json\/wp\/v2\/product\/2329","targetHints":{"allow":["GET"]}}],"collection":[{"href":"https:\/\/losteflor.com\/es\/wp-json\/wp\/v2\/product"}],"about":[{"href":"https:\/\/losteflor.com\/es\/wp-json\/wp\/v2\/types\/product"}],"replies":[{"embeddable":true,"href":"https:\/\/losteflor.com\/es\/wp-json\/wp\/v2\/comments?post=2329"}],"wp:featuredmedia":[{"embeddable":true,"href":"https:\/\/losteflor.com\/es\/wp-json\/wp\/v2\/media\/2330"}],"wp:attachment":[{"href":"https:\/\/losteflor.com\/es\/wp-json\/wp\/v2\/media?parent=2329"}],"wp:term":[{"taxonomy":"product_brand","embeddable":true,"href":"https:\/\/losteflor.com\/es\/wp-json\/wp\/v2\/product_brand?post=2329"},{"taxonomy":"product_cat","embeddable":true,"href":"https:\/\/losteflor.com\/es\/wp-json\/wp\/v2\/product_cat?post=2329"},{"taxonomy":"product_tag","embeddable":true,"href":"https:\/\/losteflor.com\/es\/wp-json\/wp\/v2\/product_tag?post=2329"}],"curies":[{"name":"wp","href":"https:\/\/api.w.org\/{rel}","templated":true}]}}