{"id":2117,"date":"2025-01-28T17:29:51","date_gmt":"2025-01-28T17:29:51","guid":{"rendered":"https:\/\/losteflor.com\/producto\/talega\/"},"modified":"2025-02-26T10:37:02","modified_gmt":"2025-02-26T10:37:02","slug":"talega","status":"publish","type":"product","link":"https:\/\/losteflor.com\/es\/producto\/talega\/","title":{"rendered":"Talega"},"content":{"rendered":"<p>Maceta GRC con un estilo elegante y minimalista.<\/p>\n","protected":false},"excerpt":{"rendered":"<p>Maceta GRC con un estilo elegante y minimalista. Ideal para jardines y terrazas, resistente y estilizada, perfecta para resaltar la belleza de tus plantas con un toque natural.<\/p>\n","protected":false},"featured_media":2137,"comment_status":"open","ping_status":"closed","template":"","meta":{"_acf_changed":false,"inline_featured_image":false,"rank_math_title":"Talega | Comprar en Vivero LosteFlor C\u00e1diz","rank_math_description":"Compra Talega en el vivero LosteFlor, Chiclana de la Frontera (C\u00e1diz). Plantas de calidad con env\u00edo a toda Espa\u00f1a. Asesoramiento experto y certificaci\u00f3n ...","rank_math_canonical_url":"","rank_math_focus_keyword":"talega comprar"},"product_brand":[],"product_cat":[143],"product_tag":[144],"class_list":{"0":"post-2117","1":"product","2":"type-product","3":"status-publish","4":"has-post-thumbnail","6":"product_cat-grc","7":"product_tag-macetas","9":"first","10":"instock","11":"shipping-taxable","12":"product-type-simple"},"acf":[],"_links":{"self":[{"href":"https:\/\/losteflor.com\/es\/wp-json\/wp\/v2\/product\/2117","targetHints":{"allow":["GET"]}}],"collection":[{"href":"https:\/\/losteflor.com\/es\/wp-json\/wp\/v2\/product"}],"about":[{"href":"https:\/\/losteflor.com\/es\/wp-json\/wp\/v2\/types\/product"}],"replies":[{"embeddable":true,"href":"https:\/\/losteflor.com\/es\/wp-json\/wp\/v2\/comments?post=2117"}],"wp:featuredmedia":[{"embeddable":true,"href":"https:\/\/losteflor.com\/es\/wp-json\/wp\/v2\/media\/2137"}],"wp:attachment":[{"href":"https:\/\/losteflor.com\/es\/wp-json\/wp\/v2\/media?parent=2117"}],"wp:term":[{"taxonomy":"product_brand","embeddable":true,"href":"https:\/\/losteflor.com\/es\/wp-json\/wp\/v2\/product_brand?post=2117"},{"taxonomy":"product_cat","embeddable":true,"href":"https:\/\/losteflor.com\/es\/wp-json\/wp\/v2\/product_cat?post=2117"},{"taxonomy":"product_tag","embeddable":true,"href":"https:\/\/losteflor.com\/es\/wp-json\/wp\/v2\/product_tag?post=2117"}],"curies":[{"name":"wp","href":"https:\/\/api.w.org\/{rel}","templated":true}]}}