{"id":2112,"date":"2025-01-28T17:29:51","date_gmt":"2025-01-28T17:29:51","guid":{"rendered":"https:\/\/losteflor.com\/producto\/hariti\/"},"modified":"2025-02-26T10:37:02","modified_gmt":"2025-02-26T10:37:02","slug":"hariti","status":"publish","type":"product","link":"https:\/\/losteflor.com\/es\/producto\/hariti\/","title":{"rendered":"Hariti"},"content":{"rendered":"<p>Maceta de terracota gress con acabado mate.<\/p>\n","protected":false},"excerpt":{"rendered":"<p>Maceta de estilo r\u00fastico en acabado terracota. Ideal para jardines y terrazas, resistente y sofisticada, perfecta para realzar la belleza de tus plantas con un toque natural.<\/p>\n","protected":false},"featured_media":2138,"comment_status":"open","ping_status":"closed","template":"","meta":{"_acf_changed":false,"inline_featured_image":false,"rank_math_title":"Hariti | Comprar en Vivero LosteFlor C\u00e1diz","rank_math_description":"Compra Hariti en el vivero LosteFlor, Chiclana de la Frontera (C\u00e1diz). Plantas de calidad con env\u00edo a toda Espa\u00f1a. Asesoramiento experto y certificaci\u00f3n ...","rank_math_canonical_url":"","rank_math_focus_keyword":"hariti comprar"},"product_brand":[],"product_cat":[142],"product_tag":[144],"class_list":{"0":"post-2112","1":"product","2":"type-product","3":"status-publish","4":"has-post-thumbnail","6":"product_cat-terracota-gress","7":"product_tag-macetas","9":"first","10":"instock","11":"shipping-taxable","12":"product-type-simple"},"acf":[],"_links":{"self":[{"href":"https:\/\/losteflor.com\/es\/wp-json\/wp\/v2\/product\/2112","targetHints":{"allow":["GET"]}}],"collection":[{"href":"https:\/\/losteflor.com\/es\/wp-json\/wp\/v2\/product"}],"about":[{"href":"https:\/\/losteflor.com\/es\/wp-json\/wp\/v2\/types\/product"}],"replies":[{"embeddable":true,"href":"https:\/\/losteflor.com\/es\/wp-json\/wp\/v2\/comments?post=2112"}],"wp:featuredmedia":[{"embeddable":true,"href":"https:\/\/losteflor.com\/es\/wp-json\/wp\/v2\/media\/2138"}],"wp:attachment":[{"href":"https:\/\/losteflor.com\/es\/wp-json\/wp\/v2\/media?parent=2112"}],"wp:term":[{"taxonomy":"product_brand","embeddable":true,"href":"https:\/\/losteflor.com\/es\/wp-json\/wp\/v2\/product_brand?post=2112"},{"taxonomy":"product_cat","embeddable":true,"href":"https:\/\/losteflor.com\/es\/wp-json\/wp\/v2\/product_cat?post=2112"},{"taxonomy":"product_tag","embeddable":true,"href":"https:\/\/losteflor.com\/es\/wp-json\/wp\/v2\/product_tag?post=2112"}],"curies":[{"name":"wp","href":"https:\/\/api.w.org\/{rel}","templated":true}]}}