{"id":2108,"date":"2025-01-28T17:29:50","date_gmt":"2025-01-28T17:29:50","guid":{"rendered":"https:\/\/losteflor.com\/producto\/granada\/"},"modified":"2025-02-26T10:37:03","modified_gmt":"2025-02-26T10:37:03","slug":"granada","status":"publish","type":"product","link":"https:\/\/losteflor.com\/es\/producto\/granada\/","title":{"rendered":"Granada"},"content":{"rendered":"<p>Maceta de terracota volc\u00e1nica con acabado natural.<\/p>\n","protected":false},"excerpt":{"rendered":"<p>Maceta de <strong>terracota volc\u00e1nica <\/strong>con acabado envejecido y borde decorativo. Su dise\u00f1o robusto y elegante es perfecto para jardines, terrazas y patios, aportando un toque r\u00fastico y sofisticado.<\/p>\n","protected":false},"featured_media":2174,"comment_status":"open","ping_status":"closed","template":"","meta":{"_acf_changed":false,"inline_featured_image":false,"rank_math_title":"Granada | Comprar en Vivero LosteFlor C\u00e1diz","rank_math_description":"Compra Granada en el vivero LosteFlor, Chiclana de la Frontera (C\u00e1diz). Plantas de calidad con env\u00edo a toda Espa\u00f1a. Asesoramiento experto y certificaci\u00f3n...","rank_math_canonical_url":"","rank_math_focus_keyword":"granada comprar"},"product_brand":[],"product_cat":[141],"product_tag":[144],"class_list":{"0":"post-2108","1":"product","2":"type-product","3":"status-publish","4":"has-post-thumbnail","6":"product_cat-terracota-volcanica","7":"product_tag-macetas","9":"first","10":"instock","11":"shipping-taxable","12":"product-type-simple"},"acf":[],"_links":{"self":[{"href":"https:\/\/losteflor.com\/es\/wp-json\/wp\/v2\/product\/2108","targetHints":{"allow":["GET"]}}],"collection":[{"href":"https:\/\/losteflor.com\/es\/wp-json\/wp\/v2\/product"}],"about":[{"href":"https:\/\/losteflor.com\/es\/wp-json\/wp\/v2\/types\/product"}],"replies":[{"embeddable":true,"href":"https:\/\/losteflor.com\/es\/wp-json\/wp\/v2\/comments?post=2108"}],"wp:featuredmedia":[{"embeddable":true,"href":"https:\/\/losteflor.com\/es\/wp-json\/wp\/v2\/media\/2174"}],"wp:attachment":[{"href":"https:\/\/losteflor.com\/es\/wp-json\/wp\/v2\/media?parent=2108"}],"wp:term":[{"taxonomy":"product_brand","embeddable":true,"href":"https:\/\/losteflor.com\/es\/wp-json\/wp\/v2\/product_brand?post=2108"},{"taxonomy":"product_cat","embeddable":true,"href":"https:\/\/losteflor.com\/es\/wp-json\/wp\/v2\/product_cat?post=2108"},{"taxonomy":"product_tag","embeddable":true,"href":"https:\/\/losteflor.com\/es\/wp-json\/wp\/v2\/product_tag?post=2108"}],"curies":[{"name":"wp","href":"https:\/\/api.w.org\/{rel}","templated":true}]}}