{"id":2107,"date":"2025-01-28T17:29:50","date_gmt":"2025-01-28T17:29:50","guid":{"rendered":"https:\/\/losteflor.com\/producto\/merida\/"},"modified":"2025-07-29T09:41:03","modified_gmt":"2025-07-29T09:41:03","slug":"merida","status":"publish","type":"product","link":"https:\/\/losteflor.com\/es\/producto\/merida\/","title":{"rendered":"M\u00e9rida"},"content":{"rendered":"<p>Maceta de terracota con dise\u00f1o elegante.<\/p>\n","protected":false},"excerpt":{"rendered":"<p>Jardinera de <strong>terracota antique<\/strong> con acabado envejecido y dise\u00f1o rectangular. Su estilo cl\u00e1sico y atemporal es ideal para jardines, terrazas y patios, aportando un toque r\u00fastico y elegante.<\/p>\n","protected":false},"featured_media":2750,"comment_status":"open","ping_status":"closed","template":"","meta":{"_acf_changed":false,"inline_featured_image":false,"rank_math_title":"M\u00e9rida | Comprar en Vivero LosteFlor C\u00e1diz","rank_math_description":"Compra M\u00e9rida en el vivero LosteFlor, Chiclana de la Frontera (C\u00e1diz). Plantas de calidad con env\u00edo a toda Espa\u00f1a. Asesoramiento experto y certificaci\u00f3n...","rank_math_canonical_url":"","rank_math_focus_keyword":"m\u00e9rida comprar"},"product_brand":[],"product_cat":[139],"product_tag":[144],"class_list":{"0":"post-2107","1":"product","2":"type-product","3":"status-publish","4":"has-post-thumbnail","6":"product_cat-terracota-antique","7":"product_tag-macetas","9":"first","10":"instock","11":"shipping-taxable","12":"product-type-simple"},"acf":[],"_links":{"self":[{"href":"https:\/\/losteflor.com\/es\/wp-json\/wp\/v2\/product\/2107","targetHints":{"allow":["GET"]}}],"collection":[{"href":"https:\/\/losteflor.com\/es\/wp-json\/wp\/v2\/product"}],"about":[{"href":"https:\/\/losteflor.com\/es\/wp-json\/wp\/v2\/types\/product"}],"replies":[{"embeddable":true,"href":"https:\/\/losteflor.com\/es\/wp-json\/wp\/v2\/comments?post=2107"}],"wp:featuredmedia":[{"embeddable":true,"href":"https:\/\/losteflor.com\/es\/wp-json\/wp\/v2\/media\/2750"}],"wp:attachment":[{"href":"https:\/\/losteflor.com\/es\/wp-json\/wp\/v2\/media?parent=2107"}],"wp:term":[{"taxonomy":"product_brand","embeddable":true,"href":"https:\/\/losteflor.com\/es\/wp-json\/wp\/v2\/product_brand?post=2107"},{"taxonomy":"product_cat","embeddable":true,"href":"https:\/\/losteflor.com\/es\/wp-json\/wp\/v2\/product_cat?post=2107"},{"taxonomy":"product_tag","embeddable":true,"href":"https:\/\/losteflor.com\/es\/wp-json\/wp\/v2\/product_tag?post=2107"}],"curies":[{"name":"wp","href":"https:\/\/api.w.org\/{rel}","templated":true}]}}