{"id":2098,"date":"2025-01-28T17:29:49","date_gmt":"2025-01-28T17:29:49","guid":{"rendered":"https:\/\/losteflor.com\/producto\/zahara\/"},"modified":"2025-07-29T09:36:03","modified_gmt":"2025-07-29T09:36:03","slug":"zahara","status":"publish","type":"product","link":"https:\/\/losteflor.com\/es\/producto\/zahara\/","title":{"rendered":"Zahara"},"content":{"rendered":"<p>Maceta de foam con efecto envejecido.<\/p>\n","protected":false},"excerpt":{"rendered":"<p>\u00c1nfora de <strong>foam<\/strong> con acabado envejecido y detalles en relieve. Su dise\u00f1o r\u00fastico y artesanal aporta un aire mediterr\u00e1neo, ideal para decorar jardines, terrazas y patios con encanto.<\/p>\n","protected":false},"featured_media":2758,"comment_status":"open","ping_status":"closed","template":"","meta":{"_acf_changed":false,"inline_featured_image":false,"rank_math_title":"Zahara | Comprar en Vivero LosteFlor C\u00e1diz","rank_math_description":"Compra Zahara en el vivero LosteFlor, Chiclana de la Frontera (C\u00e1diz). Plantas de calidad con env\u00edo a toda Espa\u00f1a. Asesoramiento experto y certificaci\u00f3n ...","rank_math_canonical_url":"","rank_math_focus_keyword":"zahara comprar"},"product_brand":[],"product_cat":[138],"product_tag":[144],"class_list":{"0":"post-2098","1":"product","2":"type-product","3":"status-publish","4":"has-post-thumbnail","6":"product_cat-foam","7":"product_tag-macetas","9":"first","10":"instock","11":"shipping-taxable","12":"product-type-simple"},"acf":[],"_links":{"self":[{"href":"https:\/\/losteflor.com\/es\/wp-json\/wp\/v2\/product\/2098","targetHints":{"allow":["GET"]}}],"collection":[{"href":"https:\/\/losteflor.com\/es\/wp-json\/wp\/v2\/product"}],"about":[{"href":"https:\/\/losteflor.com\/es\/wp-json\/wp\/v2\/types\/product"}],"replies":[{"embeddable":true,"href":"https:\/\/losteflor.com\/es\/wp-json\/wp\/v2\/comments?post=2098"}],"wp:featuredmedia":[{"embeddable":true,"href":"https:\/\/losteflor.com\/es\/wp-json\/wp\/v2\/media\/2758"}],"wp:attachment":[{"href":"https:\/\/losteflor.com\/es\/wp-json\/wp\/v2\/media?parent=2098"}],"wp:term":[{"taxonomy":"product_brand","embeddable":true,"href":"https:\/\/losteflor.com\/es\/wp-json\/wp\/v2\/product_brand?post=2098"},{"taxonomy":"product_cat","embeddable":true,"href":"https:\/\/losteflor.com\/es\/wp-json\/wp\/v2\/product_cat?post=2098"},{"taxonomy":"product_tag","embeddable":true,"href":"https:\/\/losteflor.com\/es\/wp-json\/wp\/v2\/product_tag?post=2098"}],"curies":[{"name":"wp","href":"https:\/\/api.w.org\/{rel}","templated":true}]}}