{"id":2096,"date":"2025-01-28T17:29:49","date_gmt":"2025-01-28T17:29:49","guid":{"rendered":"https:\/\/losteflor.com\/producto\/lausa\/"},"modified":"2025-02-26T10:37:03","modified_gmt":"2025-02-26T10:37:03","slug":"lausa","status":"publish","type":"product","link":"https:\/\/losteflor.com\/es\/producto\/lausa\/","title":{"rendered":"Lausa"},"content":{"rendered":"<p>Maceta de <strong>foam<\/strong> con acabado texturizado y efecto envejecido.<\/p>\n","protected":false},"excerpt":{"rendered":"<p>Maceta de <strong>foam<\/strong> con acabado texturizado y efecto envejecido. Ligera, resistente y duradera, ideal para decorar jardines, terrazas y espacios interiores.<\/p>\n<p>Disponible en <strong>azul y verde<\/strong>, aportando un toque r\u00fastico y elegante a cualquier ambiente.<\/p>\n","protected":false},"featured_media":2188,"comment_status":"open","ping_status":"closed","template":"","meta":{"_acf_changed":false,"inline_featured_image":false,"rank_math_title":"Lausa | Comprar en Vivero LosteFlor C\u00e1diz","rank_math_description":"Compra Lausa en el vivero LosteFlor, Chiclana de la Frontera (C\u00e1diz). Plantas de calidad con env\u00edo a toda Espa\u00f1a. Asesoramiento experto y certificaci\u00f3n I...","rank_math_canonical_url":"","rank_math_focus_keyword":"lausa comprar"},"product_brand":[],"product_cat":[138],"product_tag":[144],"class_list":{"0":"post-2096","1":"product","2":"type-product","3":"status-publish","4":"has-post-thumbnail","6":"product_cat-foam","7":"product_tag-macetas","9":"first","10":"instock","11":"shipping-taxable","12":"product-type-simple"},"acf":[],"_links":{"self":[{"href":"https:\/\/losteflor.com\/es\/wp-json\/wp\/v2\/product\/2096","targetHints":{"allow":["GET"]}}],"collection":[{"href":"https:\/\/losteflor.com\/es\/wp-json\/wp\/v2\/product"}],"about":[{"href":"https:\/\/losteflor.com\/es\/wp-json\/wp\/v2\/types\/product"}],"replies":[{"embeddable":true,"href":"https:\/\/losteflor.com\/es\/wp-json\/wp\/v2\/comments?post=2096"}],"wp:featuredmedia":[{"embeddable":true,"href":"https:\/\/losteflor.com\/es\/wp-json\/wp\/v2\/media\/2188"}],"wp:attachment":[{"href":"https:\/\/losteflor.com\/es\/wp-json\/wp\/v2\/media?parent=2096"}],"wp:term":[{"taxonomy":"product_brand","embeddable":true,"href":"https:\/\/losteflor.com\/es\/wp-json\/wp\/v2\/product_brand?post=2096"},{"taxonomy":"product_cat","embeddable":true,"href":"https:\/\/losteflor.com\/es\/wp-json\/wp\/v2\/product_cat?post=2096"},{"taxonomy":"product_tag","embeddable":true,"href":"https:\/\/losteflor.com\/es\/wp-json\/wp\/v2\/product_tag?post=2096"}],"curies":[{"name":"wp","href":"https:\/\/api.w.org\/{rel}","templated":true}]}}