{"id":2091,"date":"2025-01-28T17:29:49","date_gmt":"2025-01-28T17:29:49","guid":{"rendered":"https:\/\/losteflor.com\/producto\/zafra\/"},"modified":"2025-07-29T09:38:38","modified_gmt":"2025-07-29T09:38:38","slug":"zafra","status":"publish","type":"product","link":"https:\/\/losteflor.com\/es\/producto\/zafra\/","title":{"rendered":"Zafra"},"content":{"rendered":"<p>Maceta<strong>\u00a0esmaltada<\/strong> con acabado brillante y dise\u00f1o estilizado.<\/p>\n","protected":false},"excerpt":{"rendered":"<p>Maceta<strong>\u00a0esmaltada<\/strong> con acabado brillante y dise\u00f1o estilizado. Su material resistente la hace ideal para interiores y exteriores.<\/p>\n<p>Disponible en <strong>azul, verde, rojo y crema<\/strong>, perfecta para aportar color y elegancia a cualquier espacio.<\/p>\n","protected":false},"featured_media":2741,"comment_status":"open","ping_status":"closed","template":"","meta":{"_acf_changed":false,"inline_featured_image":false,"rank_math_title":"Zafra | Comprar en Vivero LosteFlor C\u00e1diz","rank_math_description":"Compra Zafra en el vivero LosteFlor, Chiclana de la Frontera (C\u00e1diz). Plantas de calidad con env\u00edo a toda Espa\u00f1a. Asesoramiento experto y certificaci\u00f3n I...","rank_math_canonical_url":"","rank_math_focus_keyword":"zafra comprar"},"product_brand":[],"product_cat":[137],"product_tag":[144],"class_list":{"0":"post-2091","1":"product","2":"type-product","3":"status-publish","4":"has-post-thumbnail","6":"product_cat-esmaltado","7":"product_tag-macetas","9":"first","10":"outofstock","11":"shipping-taxable","12":"product-type-simple"},"acf":[],"_links":{"self":[{"href":"https:\/\/losteflor.com\/es\/wp-json\/wp\/v2\/product\/2091","targetHints":{"allow":["GET"]}}],"collection":[{"href":"https:\/\/losteflor.com\/es\/wp-json\/wp\/v2\/product"}],"about":[{"href":"https:\/\/losteflor.com\/es\/wp-json\/wp\/v2\/types\/product"}],"replies":[{"embeddable":true,"href":"https:\/\/losteflor.com\/es\/wp-json\/wp\/v2\/comments?post=2091"}],"wp:featuredmedia":[{"embeddable":true,"href":"https:\/\/losteflor.com\/es\/wp-json\/wp\/v2\/media\/2741"}],"wp:attachment":[{"href":"https:\/\/losteflor.com\/es\/wp-json\/wp\/v2\/media?parent=2091"}],"wp:term":[{"taxonomy":"product_brand","embeddable":true,"href":"https:\/\/losteflor.com\/es\/wp-json\/wp\/v2\/product_brand?post=2091"},{"taxonomy":"product_cat","embeddable":true,"href":"https:\/\/losteflor.com\/es\/wp-json\/wp\/v2\/product_cat?post=2091"},{"taxonomy":"product_tag","embeddable":true,"href":"https:\/\/losteflor.com\/es\/wp-json\/wp\/v2\/product_tag?post=2091"}],"curies":[{"name":"wp","href":"https:\/\/api.w.org\/{rel}","templated":true}]}}