{"id":1621,"date":"2024-10-28T20:01:54","date_gmt":"2024-10-28T20:01:54","guid":{"rendered":"https:\/\/losteflor.com\/?post_type=product&#038;p=1621"},"modified":"2025-02-26T10:42:55","modified_gmt":"2025-02-26T10:42:55","slug":"asplenium-helecho-nido-de-ave","status":"publish","type":"product","link":"https:\/\/losteflor.com\/es\/producto\/asplenium-helecho-nido-de-ave\/","title":{"rendered":"Asplenium &#8211; Helecho Nido de Ave"},"content":{"rendered":"<p><b>Caracter\u00edsticas del Asplenium:<\/b><b><\/b><\/p>\n<p>\u2022<b>Luz:<\/b> Requiere un espacio con buena luminosidad, sin exposici\u00f3n directa al sol, ya que este podr\u00eda da\u00f1ar sus hojas. Aunque tolera ambientes con poca luz, prefiere condiciones de luz indirecta para un crecimiento \u00f3ptimo.<\/p>\n<p>\u2022<b>Temperatura:<\/b> Idealmente, mantenlo entre 18 y 25 \u00baC. Evita temperaturas inferiores a los 10 \u00baC, ya que pueden afectar su salud.<\/p>\n<p>\u2022<b>Riego:<\/b> Requiere riegos regulares para mantener el sustrato ligeramente h\u00famedo sin encharcar. Se recomienda el riego por inmersi\u00f3n, colocando agua en el plato de la maceta y permitiendo que absorba seg\u00fan sus necesidades. Retira el agua sobrante del plato una vez el sustrato est\u00e9 h\u00famedo.<\/p>\n<p>\u2022<b>Suelo y Abono:<\/b> Prefiere un sustrato ligero y con buen drenaje que conserve algo de humedad. No es exigente en cuanto al tipo de suelo, pero agradece un sustrato que evite el encharcamiento.<\/p>\n<p>Encuentra el Asplenium en nuestro vivero Losteflor y a\u00f1ade un toque verde y ex\u00f3tico a tu hogar con esta planta f\u00e1cil de cuidar y perfecta para interiores.<\/p>\n","protected":false},"excerpt":{"rendered":"<p>En el vivero Losteflor, en Chiclana de la Frontera, C\u00e1diz, te ofrecemos el Asplenium, conocido tambi\u00e9n como helecho nido de ave. Originario de Australia y perteneciente a la familia de las aspleni\u00e1ceas, es un helecho de f\u00e1cil cuidado, perfecto para cualquier colecci\u00f3n de plantas de interior.<\/p>\n","protected":false},"featured_media":1622,"comment_status":"open","ping_status":"closed","template":"","meta":{"_acf_changed":false,"inline_featured_image":false,"rank_math_title":"Asplenium - Helecho Nido de Ave | LosteFlor Vivero C\u00e1diz","rank_math_description":"Compra Asplenium - Helecho Nido de Ave en el vivero LosteFlor, Chiclana de la Frontera (C\u00e1diz). Plantas de calidad con env\u00edo a toda Espa\u00f1a. Asesoramiento ...","rank_math_canonical_url":"","rank_math_focus_keyword":"Asplenium,Helecho Nido de Ave"},"product_brand":[],"product_cat":[66],"product_tag":[111,110,145],"class_list":{"0":"post-1621","1":"product","2":"type-product","3":"status-publish","4":"has-post-thumbnail","6":"product_cat-vivero-losteflor","7":"product_tag-asplenium","8":"product_tag-helecho-nido-de-ave","9":"product_tag-plantas","11":"first","12":"instock","13":"shipping-taxable","14":"product-type-simple"},"acf":[],"_links":{"self":[{"href":"https:\/\/losteflor.com\/es\/wp-json\/wp\/v2\/product\/1621","targetHints":{"allow":["GET"]}}],"collection":[{"href":"https:\/\/losteflor.com\/es\/wp-json\/wp\/v2\/product"}],"about":[{"href":"https:\/\/losteflor.com\/es\/wp-json\/wp\/v2\/types\/product"}],"replies":[{"embeddable":true,"href":"https:\/\/losteflor.com\/es\/wp-json\/wp\/v2\/comments?post=1621"}],"wp:featuredmedia":[{"embeddable":true,"href":"https:\/\/losteflor.com\/es\/wp-json\/wp\/v2\/media\/1622"}],"wp:attachment":[{"href":"https:\/\/losteflor.com\/es\/wp-json\/wp\/v2\/media?parent=1621"}],"wp:term":[{"taxonomy":"product_brand","embeddable":true,"href":"https:\/\/losteflor.com\/es\/wp-json\/wp\/v2\/product_brand?post=1621"},{"taxonomy":"product_cat","embeddable":true,"href":"https:\/\/losteflor.com\/es\/wp-json\/wp\/v2\/product_cat?post=1621"},{"taxonomy":"product_tag","embeddable":true,"href":"https:\/\/losteflor.com\/es\/wp-json\/wp\/v2\/product_tag?post=1621"}],"curies":[{"name":"wp","href":"https:\/\/api.w.org\/{rel}","templated":true}]}}