{"id":1618,"date":"2024-10-28T19:57:44","date_gmt":"2024-10-28T19:57:44","guid":{"rendered":"https:\/\/losteflor.com\/?post_type=product&#038;p=1618"},"modified":"2025-02-26T10:42:55","modified_gmt":"2025-02-26T10:42:55","slug":"buganvilla-bougainvillea-la-reina-de-los-jardines-en-verano","status":"publish","type":"product","link":"https:\/\/losteflor.com\/es\/producto\/buganvilla-bougainvillea-la-reina-de-los-jardines-en-verano\/","title":{"rendered":"Buganvilla (Bougainvillea) &#8211; La Reina de los Jardines en Verano"},"content":{"rendered":"<p><b>Caracter\u00edsticas de la Buganvilla:<\/b><b><\/b><\/p>\n<p>\u2022<b>Luz:<\/b> Ub\u00edcala en \u00e1reas orientadas al sur, protegida de vientos fr\u00edos y con la mayor cantidad de luz posible para asegurar una floraci\u00f3n exuberante.<\/p>\n<p>\u2022<b>Riego:<\/b> Mant\u00e9n el sustrato ligeramente h\u00famedo. En verano, riega 2-3 veces por semana si est\u00e1 en maceta; en el suelo, un riego semanal es suficiente. Durante el invierno, reduce el riego a cada dos semanas en maceta, y, en tierra, depender\u00e1 de las lluvias.<\/p>\n<p>\u2022<b>Suelo y Abono:<\/b> Se recomienda un sustrato universal con buen drenaje. Fertiliza solo en primavera y verano para favorecer un crecimiento saludable y una floraci\u00f3n abundante.<\/p>\n<p>\u2022<b>Temperatura:<\/b> La buganvilla prefiere temperaturas entre 23\u00ba y 35\u00ba. Es sensible a las heladas; en invierno, protege las ra\u00edces si las temperaturas bajan de 0\u00ba.<\/p>\n<p>\u2022<b>Poda:<\/b> Realiza una poda de mantenimiento para guiar la planta y eliminar ramas secas, logrando una estructura saludable y controlada.<\/p>\n<p>Encuentra la buganvilla en nuestro vivero Losteflor en Chiclana de la Frontera y dale a tu espacio verde un toque de color y elegancia mediterr\u00e1nea.<\/p>\n","protected":false},"excerpt":{"rendered":"<p>En nuestro vivero Losteflor en Chiclana de la Frontera, C\u00e1diz, encontrar\u00e1s la buganvilla, una planta trepadora de origen sudamericano ideal para climas soleados. Su extraordinaria resistencia al sol y su vibrante floraci\u00f3n la convierten en la opci\u00f3n perfecta para embellecer terrazas, balcones y crear impactantes muros vegetales.<\/p>\n","protected":false},"featured_media":1619,"comment_status":"open","ping_status":"closed","template":"","meta":{"_acf_changed":false,"inline_featured_image":false,"rank_math_title":"Buganvilla (Bougainvillea) - La Reina de los Jardines en Verano | LosteFlor Vivero C\u00e1diz","rank_math_description":"Compra Buganvilla (Bougainvillea) - La Reina de los Jardines en Verano en el vivero LosteFlor, Chiclana de la Frontera (C\u00e1diz). Plantas de calidad con env\u00ed...","rank_math_canonical_url":"","rank_math_focus_keyword":"Buganvilla"},"product_brand":[],"product_cat":[66],"product_tag":[145],"class_list":{"0":"post-1618","1":"product","2":"type-product","3":"status-publish","4":"has-post-thumbnail","6":"product_cat-vivero-losteflor","7":"product_tag-plantas","9":"first","10":"instock","11":"shipping-taxable","12":"product-type-simple"},"acf":[],"_links":{"self":[{"href":"https:\/\/losteflor.com\/es\/wp-json\/wp\/v2\/product\/1618","targetHints":{"allow":["GET"]}}],"collection":[{"href":"https:\/\/losteflor.com\/es\/wp-json\/wp\/v2\/product"}],"about":[{"href":"https:\/\/losteflor.com\/es\/wp-json\/wp\/v2\/types\/product"}],"replies":[{"embeddable":true,"href":"https:\/\/losteflor.com\/es\/wp-json\/wp\/v2\/comments?post=1618"}],"wp:featuredmedia":[{"embeddable":true,"href":"https:\/\/losteflor.com\/es\/wp-json\/wp\/v2\/media\/1619"}],"wp:attachment":[{"href":"https:\/\/losteflor.com\/es\/wp-json\/wp\/v2\/media?parent=1618"}],"wp:term":[{"taxonomy":"product_brand","embeddable":true,"href":"https:\/\/losteflor.com\/es\/wp-json\/wp\/v2\/product_brand?post=1618"},{"taxonomy":"product_cat","embeddable":true,"href":"https:\/\/losteflor.com\/es\/wp-json\/wp\/v2\/product_cat?post=1618"},{"taxonomy":"product_tag","embeddable":true,"href":"https:\/\/losteflor.com\/es\/wp-json\/wp\/v2\/product_tag?post=1618"}],"curies":[{"name":"wp","href":"https:\/\/api.w.org\/{rel}","templated":true}]}}