{"id":2465,"date":"2025-03-28T15:01:30","date_gmt":"2025-03-28T15:01:30","guid":{"rendered":"https:\/\/losteflor.com\/?page_id=2465"},"modified":"2025-08-14T17:35:14","modified_gmt":"2025-08-14T17:35:14","slug":"catalogo-de-ocultacion","status":"publish","type":"page","link":"https:\/\/losteflor.com\/es\/catalogo-de-ocultacion\/","title":{"rendered":"Cat\u00e1logo de ocultaci\u00f3n"},"content":{"rendered":"\t\t<div data-elementor-type=\"wp-page\" data-elementor-id=\"2465\" class=\"elementor elementor-2465\" data-elementor-post-type=\"page\">\n\t\t\t\t\t\t<section class=\"elementor-section elementor-top-section elementor-element elementor-element-3611dff pbmit-col-stretched-none pbmit-bg-color-over-image elementor-section-boxed elementor-section-height-default elementor-section-height-default\" data-id=\"3611dff\" data-element_type=\"section\" data-e-type=\"section\">\n\t\t\t\t\t\t<div class=\"elementor-container elementor-column-gap-default\">\n\t\t\t\t\t<div class=\"elementor-column elementor-col-100 elementor-top-column elementor-element elementor-element-c97d467 pbmit-bg-color-over-image\" data-id=\"c97d467\" data-element_type=\"column\" data-e-type=\"column\">\n\t\t\t<div class=\"elementor-widget-wrap\">\n\t\t\t\t\t\t\t<\/div>\n\t\t<\/div>\n\t\t\t\t\t<\/div>\n\t\t<\/section>\n\t\t\t\t<section class=\"elementor-section elementor-top-section elementor-element elementor-element-b594f30 pbmit-col-stretched-none pbmit-bg-color-over-image elementor-section-boxed elementor-section-height-default elementor-section-height-default\" data-id=\"b594f30\" data-element_type=\"section\" data-e-type=\"section\">\n\t\t\t\t\t\t<div class=\"elementor-container elementor-column-gap-default\">\n\t\t\t\t\t<div class=\"elementor-column elementor-col-100 elementor-top-column elementor-element elementor-element-2c41205 pbmit-bg-color-over-image\" data-id=\"2c41205\" data-element_type=\"column\" data-e-type=\"column\">\n\t\t\t<div class=\"elementor-widget-wrap elementor-element-populated\">\n\t\t\t\t\t\t<div class=\"elementor-element elementor-element-160551a elementor-grid-4 elementor-grid-tablet-3 elementor-grid-mobile-2 elementor-products-grid elementor-wc-products elementor-show-pagination-border-yes elementor-widget elementor-widget-woocommerce-products\" data-id=\"160551a\" data-element_type=\"widget\" data-e-type=\"widget\" data-widget_type=\"woocommerce-products.default\">\n\t\t\t\t<div class=\"elementor-widget-container\">\n\t\t\t\t\t<div class=\"woocommerce columns-4 \"><div class=\"woocommerce-notices-wrapper\"><\/div><ul class=\"products elementor-grid columns-4\">\n<li class=\"product type-product post-2436 status-publish first instock product_cat-ocultacion product_tag-ocultacion has-post-thumbnail shipping-taxable product-type-simple\">\n\t<a href=\"https:\/\/losteflor.com\/es\/producto\/bambu-decorativo\/\" class=\"woocommerce-LoopProduct-link woocommerce-loop-product__link\"><img fetchpriority=\"high\" decoding=\"async\" width=\"300\" height=\"300\" src=\"https:\/\/losteflor.com\/wp-content\/uploads\/2025\/03\/BAMBU-DECORATIVO-3-300x300.webp\" class=\"attachment-woocommerce_thumbnail size-woocommerce_thumbnail\" alt=\"BAMB\u00da DECORATIVO\" srcset=\"https:\/\/losteflor.com\/wp-content\/uploads\/2025\/03\/BAMBU-DECORATIVO-3-300x300.webp 300w, https:\/\/losteflor.com\/wp-content\/uploads\/2025\/03\/BAMBU-DECORATIVO-3-150x150.webp 150w, https:\/\/losteflor.com\/wp-content\/uploads\/2025\/03\/BAMBU-DECORATIVO-3-100x100.webp 100w, https:\/\/losteflor.com\/wp-content\/uploads\/2025\/03\/BAMBU-DECORATIVO-3.webp 556w\" sizes=\"(max-width: 300px) 100vw, 300px\" \/><h2 class=\"woocommerce-loop-product__title\">Bamb\u00fa Decorativo<\/h2>\n<\/a><a href=\"https:\/\/losteflor.com\/es\/producto\/bambu-decorativo\/\" aria-describedby=\"woocommerce_loop_add_to_cart_link_describedby_2436\" data-quantity=\"1\" class=\"button product_type_simple\" data-product_id=\"2436\" data-product_sku=\"\" aria-label=\"Lee m\u00e1s sobre &ldquo;Bamb\u00fa Decorativo&rdquo;\" rel=\"nofollow\" data-success_message=\"\">Leer m\u00e1s<\/a>\t<span id=\"woocommerce_loop_add_to_cart_link_describedby_2436\" class=\"screen-reader-text\">\n\t\t\t<\/span>\n<\/li>\n<li class=\"product type-product post-2432 status-publish instock product_cat-ocultacion product_cat-sin-categorizar product_tag-ocultacion has-post-thumbnail shipping-taxable product-type-simple\">\n\t<a href=\"https:\/\/losteflor.com\/es\/producto\/2432\/\" class=\"woocommerce-LoopProduct-link woocommerce-loop-product__link\"><img decoding=\"async\" width=\"300\" height=\"300\" src=\"https:\/\/losteflor.com\/wp-content\/uploads\/2025\/03\/CELOSIA-DE-MADERA-2-300x300.webp\" class=\"attachment-woocommerce_thumbnail size-woocommerce_thumbnail\" alt=\"CELOS\u00cdA DE MADERA\" srcset=\"https:\/\/losteflor.com\/wp-content\/uploads\/2025\/03\/CELOSIA-DE-MADERA-2-300x300.webp 300w, https:\/\/losteflor.com\/wp-content\/uploads\/2025\/03\/CELOSIA-DE-MADERA-2-150x150.webp 150w, https:\/\/losteflor.com\/wp-content\/uploads\/2025\/03\/CELOSIA-DE-MADERA-2-100x100.webp 100w\" sizes=\"(max-width: 300px) 100vw, 300px\" \/><h2 class=\"woocommerce-loop-product__title\">Celos\u00eda De Madera<\/h2>\n<\/a><a href=\"https:\/\/losteflor.com\/es\/producto\/2432\/\" aria-describedby=\"woocommerce_loop_add_to_cart_link_describedby_2432\" data-quantity=\"1\" class=\"button product_type_simple\" data-product_id=\"2432\" data-product_sku=\"\" aria-label=\"Lee m\u00e1s sobre &ldquo;Celos\u00eda De Madera&rdquo;\" rel=\"nofollow\" data-success_message=\"\">Leer m\u00e1s<\/a>\t<span id=\"woocommerce_loop_add_to_cart_link_describedby_2432\" class=\"screen-reader-text\">\n\t\t\t<\/span>\n<\/li>\n<li class=\"product type-product post-2428 status-publish instock product_cat-ocultacion product_cat-sin-categorizar product_tag-ocultacion has-post-thumbnail shipping-taxable product-type-simple\">\n\t<a href=\"https:\/\/losteflor.com\/es\/producto\/celosia-de-bambu\/\" class=\"woocommerce-LoopProduct-link woocommerce-loop-product__link\"><img decoding=\"async\" width=\"300\" height=\"300\" src=\"https:\/\/losteflor.com\/wp-content\/uploads\/2025\/03\/CELOSIA-DE-BAMBU-300x300.webp\" class=\"attachment-woocommerce_thumbnail size-woocommerce_thumbnail\" alt=\"CELOS\u00cdA DE BAMB\u00da\" srcset=\"https:\/\/losteflor.com\/wp-content\/uploads\/2025\/03\/CELOSIA-DE-BAMBU-300x300.webp 300w, https:\/\/losteflor.com\/wp-content\/uploads\/2025\/03\/CELOSIA-DE-BAMBU-150x150.webp 150w, https:\/\/losteflor.com\/wp-content\/uploads\/2025\/03\/CELOSIA-DE-BAMBU-100x100.webp 100w\" sizes=\"(max-width: 300px) 100vw, 300px\" \/><h2 class=\"woocommerce-loop-product__title\">Celos\u00eda De Bamb\u00fa<\/h2>\n<\/a><a href=\"https:\/\/losteflor.com\/es\/producto\/celosia-de-bambu\/\" aria-describedby=\"woocommerce_loop_add_to_cart_link_describedby_2428\" data-quantity=\"1\" class=\"button product_type_simple\" data-product_id=\"2428\" data-product_sku=\"\" aria-label=\"Lee m\u00e1s sobre &ldquo;Celos\u00eda De Bamb\u00fa&rdquo;\" rel=\"nofollow\" data-success_message=\"\">Leer m\u00e1s<\/a>\t<span id=\"woocommerce_loop_add_to_cart_link_describedby_2428\" class=\"screen-reader-text\">\n\t\t\t<\/span>\n<\/li>\n<li class=\"product type-product post-2356 status-publish last instock product_cat-ocultacion product_cat-sin-categorizar product_tag-ocultacion has-post-thumbnail shipping-taxable product-type-simple\">\n\t<a href=\"https:\/\/losteflor.com\/es\/producto\/malla-ocultacion-90-gr-m2\/\" class=\"woocommerce-LoopProduct-link woocommerce-loop-product__link\"><img loading=\"lazy\" decoding=\"async\" width=\"300\" height=\"300\" src=\"https:\/\/losteflor.com\/wp-content\/uploads\/2025\/03\/MALLA-OCULTACION-90-grm2-2-300x300.webp\" class=\"attachment-woocommerce_thumbnail size-woocommerce_thumbnail\" alt=\"MALLA OCULTACI\u00d3N 90 gr:m2\" srcset=\"https:\/\/losteflor.com\/wp-content\/uploads\/2025\/03\/MALLA-OCULTACION-90-grm2-2-300x300.webp 300w, https:\/\/losteflor.com\/wp-content\/uploads\/2025\/03\/MALLA-OCULTACION-90-grm2-2-150x150.webp 150w, https:\/\/losteflor.com\/wp-content\/uploads\/2025\/03\/MALLA-OCULTACION-90-grm2-2-100x100.webp 100w\" sizes=\"(max-width: 300px) 100vw, 300px\" \/><h2 class=\"woocommerce-loop-product__title\">Malla Ocultaci\u00f3n 90 gr\/m2<\/h2>\n<\/a><a href=\"https:\/\/losteflor.com\/es\/producto\/malla-ocultacion-90-gr-m2\/\" aria-describedby=\"woocommerce_loop_add_to_cart_link_describedby_2356\" data-quantity=\"1\" class=\"button product_type_simple\" data-product_id=\"2356\" data-product_sku=\"\" aria-label=\"Lee m\u00e1s sobre &ldquo;Malla Ocultaci\u00f3n 90 gr\/m2&rdquo;\" rel=\"nofollow\" data-success_message=\"\">Leer m\u00e1s<\/a>\t<span id=\"woocommerce_loop_add_to_cart_link_describedby_2356\" class=\"screen-reader-text\">\n\t\t\t<\/span>\n<\/li>\n<li class=\"product type-product post-2352 status-publish first instock product_cat-ocultacion product_cat-sin-categorizar product_tag-ocultacion has-post-thumbnail shipping-taxable product-type-simple\">\n\t<a href=\"https:\/\/losteflor.com\/es\/producto\/seto-tricolor-126-varillas\/\" class=\"woocommerce-LoopProduct-link woocommerce-loop-product__link\"><img loading=\"lazy\" decoding=\"async\" width=\"300\" height=\"248\" src=\"https:\/\/losteflor.com\/wp-content\/uploads\/2025\/03\/SETO-TRICOLOR-126-VARILLAS-300x248.webp\" class=\"attachment-woocommerce_thumbnail size-woocommerce_thumbnail\" alt=\"SETO TRICOLOR 126 VARILLAS\" \/><h2 class=\"woocommerce-loop-product__title\">Seto Tricolor 126 Varillas<\/h2>\n<\/a><a href=\"https:\/\/losteflor.com\/es\/producto\/seto-tricolor-126-varillas\/\" aria-describedby=\"woocommerce_loop_add_to_cart_link_describedby_2352\" data-quantity=\"1\" class=\"button product_type_simple\" data-product_id=\"2352\" data-product_sku=\"\" aria-label=\"Lee m\u00e1s sobre &ldquo;Seto Tricolor 126 Varillas&rdquo;\" rel=\"nofollow\" data-success_message=\"\">Leer m\u00e1s<\/a>\t<span id=\"woocommerce_loop_add_to_cart_link_describedby_2352\" class=\"screen-reader-text\">\n\t\t\t<\/span>\n<\/li>\n<li class=\"product type-product post-2346 status-publish instock product_cat-ocultacion product_cat-sin-categorizar product_tag-ocultacion has-post-thumbnail shipping-taxable product-type-simple\">\n\t<a href=\"https:\/\/losteflor.com\/es\/producto\/mimbre-artificial\/\" class=\"woocommerce-LoopProduct-link woocommerce-loop-product__link\"><img loading=\"lazy\" decoding=\"async\" width=\"300\" height=\"300\" src=\"https:\/\/losteflor.com\/wp-content\/uploads\/2025\/03\/MIMBRE-ARTIFICIAL-3-300x300.webp\" class=\"attachment-woocommerce_thumbnail size-woocommerce_thumbnail\" alt=\"MIMBRE ARTIFICIAL\" srcset=\"https:\/\/losteflor.com\/wp-content\/uploads\/2025\/03\/MIMBRE-ARTIFICIAL-3-300x300.webp 300w, https:\/\/losteflor.com\/wp-content\/uploads\/2025\/03\/MIMBRE-ARTIFICIAL-3-150x150.webp 150w, https:\/\/losteflor.com\/wp-content\/uploads\/2025\/03\/MIMBRE-ARTIFICIAL-3-100x100.webp 100w\" sizes=\"(max-width: 300px) 100vw, 300px\" \/><h2 class=\"woocommerce-loop-product__title\">Mimbre Artificial<\/h2>\n<\/a><a href=\"https:\/\/losteflor.com\/es\/producto\/mimbre-artificial\/\" aria-describedby=\"woocommerce_loop_add_to_cart_link_describedby_2346\" data-quantity=\"1\" class=\"button product_type_simple\" data-product_id=\"2346\" data-product_sku=\"\" aria-label=\"Lee m\u00e1s sobre &ldquo;Mimbre Artificial&rdquo;\" rel=\"nofollow\" data-success_message=\"\">Leer m\u00e1s<\/a>\t<span id=\"woocommerce_loop_add_to_cart_link_describedby_2346\" class=\"screen-reader-text\">\n\t\t\t<\/span>\n<\/li>\n<li class=\"product type-product post-2342 status-publish instock product_cat-ocultacion product_cat-sin-categorizar product_tag-ocultacion has-post-thumbnail shipping-taxable product-type-simple\">\n\t<a href=\"https:\/\/losteflor.com\/es\/producto\/canizo-partido-nacional\/\" class=\"woocommerce-LoopProduct-link woocommerce-loop-product__link\"><img loading=\"lazy\" decoding=\"async\" width=\"300\" height=\"300\" src=\"https:\/\/losteflor.com\/wp-content\/uploads\/2025\/03\/CANIZO-PARTIDO-NACIONAL-300x300.webp\" class=\"attachment-woocommerce_thumbnail size-woocommerce_thumbnail\" alt=\"CA\u00d1IZO PARTIDO NACIONAL\" srcset=\"https:\/\/losteflor.com\/wp-content\/uploads\/2025\/03\/CANIZO-PARTIDO-NACIONAL-300x300.webp 300w, https:\/\/losteflor.com\/wp-content\/uploads\/2025\/03\/CANIZO-PARTIDO-NACIONAL-150x150.webp 150w, https:\/\/losteflor.com\/wp-content\/uploads\/2025\/03\/CANIZO-PARTIDO-NACIONAL-100x100.webp 100w\" sizes=\"(max-width: 300px) 100vw, 300px\" \/><h2 class=\"woocommerce-loop-product__title\">Ca\u00f1izo Partido Nacional<\/h2>\n<\/a><a href=\"https:\/\/losteflor.com\/es\/producto\/canizo-partido-nacional\/\" aria-describedby=\"woocommerce_loop_add_to_cart_link_describedby_2342\" data-quantity=\"1\" class=\"button product_type_simple\" data-product_id=\"2342\" data-product_sku=\"\" aria-label=\"Lee m\u00e1s sobre &ldquo;Ca\u00f1izo Partido Nacional&rdquo;\" rel=\"nofollow\" data-success_message=\"\">Leer m\u00e1s<\/a>\t<span id=\"woocommerce_loop_add_to_cart_link_describedby_2342\" class=\"screen-reader-text\">\n\t\t\t<\/span>\n<\/li>\n<li class=\"product type-product post-2338 status-publish last instock product_cat-ocultacion product_cat-sin-categorizar product_tag-ocultacion has-post-thumbnail shipping-taxable product-type-simple\">\n\t<a href=\"https:\/\/losteflor.com\/es\/producto\/brezo-nacional\/\" class=\"woocommerce-LoopProduct-link woocommerce-loop-product__link\"><img loading=\"lazy\" decoding=\"async\" width=\"300\" height=\"300\" src=\"https:\/\/losteflor.com\/wp-content\/uploads\/2025\/03\/BREZO-NACIONAL-1-300x300.webp\" class=\"attachment-woocommerce_thumbnail size-woocommerce_thumbnail\" alt=\"BREZO NACIONAL 1\" srcset=\"https:\/\/losteflor.com\/wp-content\/uploads\/2025\/03\/BREZO-NACIONAL-1-300x300.webp 300w, https:\/\/losteflor.com\/wp-content\/uploads\/2025\/03\/BREZO-NACIONAL-1-150x150.webp 150w, https:\/\/losteflor.com\/wp-content\/uploads\/2025\/03\/BREZO-NACIONAL-1-100x100.webp 100w\" sizes=\"(max-width: 300px) 100vw, 300px\" \/><h2 class=\"woocommerce-loop-product__title\">Brezo Nacional<\/h2>\n<\/a><a href=\"https:\/\/losteflor.com\/es\/producto\/brezo-nacional\/\" aria-describedby=\"woocommerce_loop_add_to_cart_link_describedby_2338\" data-quantity=\"1\" class=\"button product_type_simple\" data-product_id=\"2338\" data-product_sku=\"\" aria-label=\"Lee m\u00e1s sobre &ldquo;Brezo Nacional&rdquo;\" rel=\"nofollow\" data-success_message=\"\">Leer m\u00e1s<\/a>\t<span id=\"woocommerce_loop_add_to_cart_link_describedby_2338\" class=\"screen-reader-text\">\n\t\t\t<\/span>\n<\/li>\n<li class=\"product type-product post-2333 status-publish first instock product_cat-ocultacion product_cat-sin-categorizar product_tag-ocultacion has-post-thumbnail shipping-taxable product-type-simple\">\n\t<a href=\"https:\/\/losteflor.com\/es\/producto\/mimbre-bicolor\/\" class=\"woocommerce-LoopProduct-link woocommerce-loop-product__link\"><img loading=\"lazy\" decoding=\"async\" width=\"300\" height=\"300\" src=\"https:\/\/losteflor.com\/wp-content\/uploads\/2025\/03\/17401_17402_17403_MIMBRE-BICOLOR-web3-scaled-1-300x300.jpg\" class=\"attachment-woocommerce_thumbnail size-woocommerce_thumbnail\" alt=\"17401 17402 17403 MIMBRE BICOLOR web3 scaled\" srcset=\"https:\/\/losteflor.com\/wp-content\/uploads\/2025\/03\/17401_17402_17403_MIMBRE-BICOLOR-web3-scaled-1-300x300.jpg 300w, https:\/\/losteflor.com\/wp-content\/uploads\/2025\/03\/17401_17402_17403_MIMBRE-BICOLOR-web3-scaled-1-150x150.jpg 150w, https:\/\/losteflor.com\/wp-content\/uploads\/2025\/03\/17401_17402_17403_MIMBRE-BICOLOR-web3-scaled-1-100x100.jpg 100w\" sizes=\"(max-width: 300px) 100vw, 300px\" \/><h2 class=\"woocommerce-loop-product__title\">Mimbre Bicolor<\/h2>\n<\/a><a href=\"https:\/\/losteflor.com\/es\/producto\/mimbre-bicolor\/\" aria-describedby=\"woocommerce_loop_add_to_cart_link_describedby_2333\" data-quantity=\"1\" class=\"button product_type_simple\" data-product_id=\"2333\" data-product_sku=\"\" aria-label=\"Lee m\u00e1s sobre &ldquo;Mimbre Bicolor&rdquo;\" rel=\"nofollow\" data-success_message=\"\">Leer m\u00e1s<\/a>\t<span id=\"woocommerce_loop_add_to_cart_link_describedby_2333\" class=\"screen-reader-text\">\n\t\t\t<\/span>\n<\/li>\n<li class=\"product type-product post-2329 status-publish instock product_cat-ocultacion product_cat-sin-categorizar product_tag-ocultacion has-post-thumbnail shipping-taxable product-type-simple\">\n\t<a href=\"https:\/\/losteflor.com\/es\/producto\/mimbre-importacion\/\" class=\"woocommerce-LoopProduct-link woocommerce-loop-product__link\"><img loading=\"lazy\" decoding=\"async\" width=\"300\" height=\"300\" src=\"https:\/\/losteflor.com\/wp-content\/uploads\/2025\/03\/MIMBRE-IMPORTACION-losteflor-3-300x300.webp\" class=\"attachment-woocommerce_thumbnail size-woocommerce_thumbnail\" alt=\"MIMBRE IMPORTACI\u00d3N losteflor 3\" srcset=\"https:\/\/losteflor.com\/wp-content\/uploads\/2025\/03\/MIMBRE-IMPORTACION-losteflor-3-300x300.webp 300w, https:\/\/losteflor.com\/wp-content\/uploads\/2025\/03\/MIMBRE-IMPORTACION-losteflor-3-150x150.webp 150w, https:\/\/losteflor.com\/wp-content\/uploads\/2025\/03\/MIMBRE-IMPORTACION-losteflor-3-770x768.webp 770w, https:\/\/losteflor.com\/wp-content\/uploads\/2025\/03\/MIMBRE-IMPORTACION-losteflor-3-100x100.webp 100w\" sizes=\"(max-width: 300px) 100vw, 300px\" \/><h2 class=\"woocommerce-loop-product__title\">Mimbre Importaci\u00f3n<\/h2>\n<\/a><a href=\"https:\/\/losteflor.com\/es\/producto\/mimbre-importacion\/\" aria-describedby=\"woocommerce_loop_add_to_cart_link_describedby_2329\" data-quantity=\"1\" class=\"button product_type_simple\" data-product_id=\"2329\" data-product_sku=\"\" aria-label=\"Lee m\u00e1s sobre &ldquo;Mimbre Importaci\u00f3n&rdquo;\" rel=\"nofollow\" data-success_message=\"\">Leer m\u00e1s<\/a>\t<span id=\"woocommerce_loop_add_to_cart_link_describedby_2329\" class=\"screen-reader-text\">\n\t\t\t<\/span>\n<\/li>\n<\/ul>\n<\/div>\t\t\t\t<\/div>\n\t\t\t\t<\/div>\n\t\t\t\t\t<\/div>\n\t\t<\/div>\n\t\t\t\t\t<\/div>\n\t\t<\/section>\n\t\t\t\t<\/div>\n\t\t","protected":false},"excerpt":{"rendered":"","protected":false},"author":1,"featured_media":0,"parent":0,"menu_order":0,"comment_status":"closed","ping_status":"closed","template":"","meta":{"_acf_changed":false,"inline_featured_image":false,"footnotes":""},"class_list":["post-2465","page","type-page","status-publish","hentry"],"acf":[],"_links":{"self":[{"href":"https:\/\/losteflor.com\/es\/wp-json\/wp\/v2\/pages\/2465","targetHints":{"allow":["GET"]}}],"collection":[{"href":"https:\/\/losteflor.com\/es\/wp-json\/wp\/v2\/pages"}],"about":[{"href":"https:\/\/losteflor.com\/es\/wp-json\/wp\/v2\/types\/page"}],"author":[{"embeddable":true,"href":"https:\/\/losteflor.com\/es\/wp-json\/wp\/v2\/users\/1"}],"replies":[{"embeddable":true,"href":"https:\/\/losteflor.com\/es\/wp-json\/wp\/v2\/comments?post=2465"}],"version-history":[{"count":10,"href":"https:\/\/losteflor.com\/es\/wp-json\/wp\/v2\/pages\/2465\/revisions"}],"predecessor-version":[{"id":2502,"href":"https:\/\/losteflor.com\/es\/wp-json\/wp\/v2\/pages\/2465\/revisions\/2502"}],"wp:attachment":[{"href":"https:\/\/losteflor.com\/es\/wp-json\/wp\/v2\/media?parent=2465"}],"curies":[{"name":"wp","href":"https:\/\/api.w.org\/{rel}","templated":true}]}}