{"id":3653,"date":"2025-03-17T12:59:53","date_gmt":"2025-03-17T12:59:53","guid":{"rendered":"https:\/\/losteflor.com\/producto\/pointed-wooden-plant-stakes\/"},"modified":"2025-03-17T12:59:53","modified_gmt":"2025-03-17T12:59:53","slug":"pointed-wooden-plant-stakes","status":"publish","type":"product","link":"https:\/\/losteflor.com\/en\/producto\/pointed-wooden-plant-stakes\/","title":{"rendered":"Pointed Wooden Plant Stakes"},"content":{"rendered":"<p data-start=\"90\" data-end=\"284\">If you have <strong data-start=\"100\" data-end=\"142\">young, delicate, or climbing plants,<\/strong> our <strong data-start=\"153\" data-end=\"184\">Pointed Wooden Plant Stakes<\/strong> are the ideal solution to guide their growth and provide the support they need.<\/p>\n<p data-start=\"286\" data-end=\"601\">Made from <strong data-start=\"301\" data-end=\"327\">high-quality wood<\/strong>, they feature a<strong data-start=\"345\" data-end=\"362\"> sharpened tip<\/strong> that makes installation in the soil easy, ensuring firm and stable anchoring. Thanks to their design, they help plants grow upright, improving their exposure to sunlight and promoting healthy development. <\/p>\n<p data-start=\"603\" data-end=\"794\" data-is-last-node=\"\" data-is-only-node=\"\">Add stability to your garden and ensure optimal growth with our wooden stakes. <strong data-start=\"699\" data-end=\"794\" data-is-last-node=\"\">Don\u2019t forget to complement them with fastening accessories for even more efficient support.<\/strong><\/p>\n","protected":false},"excerpt":{"rendered":"<p>If you have young, delicate, or climbing plants, our Pointed Wooden Plant Stakes are the ideal solution to guide their growth and provide the support they need. Made from high-quality wood, they feature a sharpened tip that makes installation in the soil easy, ensuring firm and stable anchoring. Thanks to their design, they help plants [&hellip;]<\/p>\n","protected":false},"featured_media":2442,"comment_status":"open","ping_status":"closed","template":"","meta":{"_acf_changed":false,"inline_featured_image":false,"rank_math_title":"Pointed Wooden Plant Stakes | LosteFlor Vivero C\u00e1diz","rank_math_description":"Compra Pointed Wooden Plant Stakes en el vivero LosteFlor, Chiclana de la Frontera (C\u00e1diz). Plantas de calidad con env\u00edo a toda Espa\u00f1a. Asesoramiento expe...","rank_math_canonical_url":"","rank_math_focus_keyword":"pointed wooden plant stakes comprar"},"product_brand":[],"product_cat":[269],"product_tag":[271,270],"class_list":{"0":"post-3653","1":"product","2":"type-product","3":"status-publish","4":"has-post-thumbnail","6":"product_cat-garden-accessories","7":"product_tag-garden-accessories","8":"product_tag-privacy","10":"first","11":"instock","12":"shipping-taxable","13":"product-type-simple"},"acf":[],"_links":{"self":[{"href":"https:\/\/losteflor.com\/en\/wp-json\/wp\/v2\/product\/3653","targetHints":{"allow":["GET"]}}],"collection":[{"href":"https:\/\/losteflor.com\/en\/wp-json\/wp\/v2\/product"}],"about":[{"href":"https:\/\/losteflor.com\/en\/wp-json\/wp\/v2\/types\/product"}],"replies":[{"embeddable":true,"href":"https:\/\/losteflor.com\/en\/wp-json\/wp\/v2\/comments?post=3653"}],"wp:featuredmedia":[{"embeddable":true,"href":"https:\/\/losteflor.com\/en\/wp-json\/wp\/v2\/media\/2442"}],"wp:attachment":[{"href":"https:\/\/losteflor.com\/en\/wp-json\/wp\/v2\/media?parent=3653"}],"wp:term":[{"taxonomy":"product_brand","embeddable":true,"href":"https:\/\/losteflor.com\/en\/wp-json\/wp\/v2\/product_brand?post=3653"},{"taxonomy":"product_cat","embeddable":true,"href":"https:\/\/losteflor.com\/en\/wp-json\/wp\/v2\/product_cat?post=3653"},{"taxonomy":"product_tag","embeddable":true,"href":"https:\/\/losteflor.com\/en\/wp-json\/wp\/v2\/product_tag?post=3653"}],"curies":[{"name":"wp","href":"https:\/\/api.w.org\/{rel}","templated":true}]}}