{"id":3648,"date":"2025-03-17T13:13:33","date_gmt":"2025-03-17T13:13:33","guid":{"rendered":"https:\/\/losteflor.com\/producto\/chair-and-table-protective-cover\/"},"modified":"2025-03-17T13:13:33","modified_gmt":"2025-03-17T13:13:33","slug":"chair-and-table-protective-cover","status":"publish","type":"product","link":"https:\/\/losteflor.com\/en\/producto\/chair-and-table-protective-cover\/","title":{"rendered":"Chair and Table Protective Cover"},"content":{"rendered":"<p data-start=\"104\" data-end=\"433\">Keep your outdoor furniture in perfect condition with our<strong data-start=\"171\" data-end=\"213\"> protective cover<\/strong> for chairs and table, designed to shield your furniture from rain, sun, and dust all year round. Available in<strong data-start=\"319\" data-end=\"334\"> two sizes<\/strong>, it adapts to different configurations, ensuring effective protection and a precise fit. <\/p>\n<p data-start=\"435\" data-end=\"750\">Made from durable, <strong data-start=\"449\" data-end=\"487\">hard-wearing materials<\/strong>, this cover extends the lifespan of your outdoor furniture by preventing moisture build-up and premature wear. Its functional design not only provides full coverage but also blends elegantly into any outdoor space. <\/p>\n<p data-start=\"752\" data-end=\"913\" data-is-last-node=\"\" data-is-only-node=\"\">Preserve the beauty and quality of your furniture with a practical and stylish solution. <strong data-start=\"839\" data-end=\"913\" data-is-last-node=\"\">Enjoy an outdoor space that is always spotless and ready to use.<\/strong><\/p>\n","protected":false},"excerpt":{"rendered":"<p>Keep your outdoor furniture in perfect condition with our protective cover for chairs and table, designed to shield your furniture from rain, sun, and dust all year round. Available in two sizes, it adapts to different configurations, ensuring effective protection and a precise fit. Made from durable, hard-wearing materials, this cover extends the lifespan of [&hellip;]<\/p>\n","protected":false},"featured_media":2449,"comment_status":"open","ping_status":"closed","template":"","meta":{"_acf_changed":false,"inline_featured_image":false,"rank_math_title":"Chair and Table Protective Cover | LosteFlor Vivero C\u00e1diz","rank_math_description":"Compra Chair and Table Protective Cover en el vivero LosteFlor, Chiclana de la Frontera (C\u00e1diz). Plantas de calidad con env\u00edo a toda Espa\u00f1a. Asesoramiento...","rank_math_canonical_url":"","rank_math_focus_keyword":"chair and table protective cover comprar"},"product_brand":[],"product_cat":[269],"product_tag":[271,270],"class_list":{"0":"post-3648","1":"product","2":"type-product","3":"status-publish","4":"has-post-thumbnail","6":"product_cat-garden-accessories","7":"product_tag-garden-accessories","8":"product_tag-privacy","10":"first","11":"instock","12":"shipping-taxable","13":"product-type-simple"},"acf":[],"_links":{"self":[{"href":"https:\/\/losteflor.com\/en\/wp-json\/wp\/v2\/product\/3648","targetHints":{"allow":["GET"]}}],"collection":[{"href":"https:\/\/losteflor.com\/en\/wp-json\/wp\/v2\/product"}],"about":[{"href":"https:\/\/losteflor.com\/en\/wp-json\/wp\/v2\/types\/product"}],"replies":[{"embeddable":true,"href":"https:\/\/losteflor.com\/en\/wp-json\/wp\/v2\/comments?post=3648"}],"wp:featuredmedia":[{"embeddable":true,"href":"https:\/\/losteflor.com\/en\/wp-json\/wp\/v2\/media\/2449"}],"wp:attachment":[{"href":"https:\/\/losteflor.com\/en\/wp-json\/wp\/v2\/media?parent=3648"}],"wp:term":[{"taxonomy":"product_brand","embeddable":true,"href":"https:\/\/losteflor.com\/en\/wp-json\/wp\/v2\/product_brand?post=3648"},{"taxonomy":"product_cat","embeddable":true,"href":"https:\/\/losteflor.com\/en\/wp-json\/wp\/v2\/product_cat?post=3648"},{"taxonomy":"product_tag","embeddable":true,"href":"https:\/\/losteflor.com\/en\/wp-json\/wp\/v2\/product_tag?post=3648"}],"curies":[{"name":"wp","href":"https:\/\/api.w.org\/{rel}","templated":true}]}}